{"id":2234,"date":"2019-07-12T14:08:40","date_gmt":"2019-07-12T14:08:40","guid":{"rendered":"https:\/\/www.grupoluz.com.br\/trabalhos\/?page_id=2234"},"modified":"2019-07-12T14:33:43","modified_gmt":"2019-07-12T14:33:43","slug":"pre-producao","status":"publish","type":"page","link":"https:\/\/www.grupoluz.com.br\/trabalhos\/pre-producao\/","title":{"rendered":"Pr\u00e9-Produ\u00e7\u00e3o"},"content":{"rendered":"\t\t<div data-elementor-type=\"wp-post\" data-elementor-id=\"2234\" class=\"elementor elementor-2234\" data-elementor-settings=\"[]\">\n\t\t\t\t\t\t<div class=\"elementor-inner\">\n\t\t\t\t\t\t\t<div class=\"elementor-section-wrap\">\n\t\t\t\t\t\t\t<section class=\"elementor-section elementor-top-section elementor-element elementor-element-035e7f4 elementor-section-full_width elementor-section-height-default elementor-section-height-default\" data-id=\"035e7f4\" data-element_type=\"section\">\n\t\t\t\t\t\t<div class=\"elementor-container elementor-column-gap-default\">\n\t\t\t\t\t\t\t<div class=\"elementor-row\">\n\t\t\t\t\t<div class=\"elementor-column elementor-col-66 elementor-top-column elementor-element elementor-element-8099282\" data-id=\"8099282\" data-element_type=\"column\">\n\t\t\t<div class=\"elementor-column-wrap elementor-element-populated\">\n\t\t\t\t\t\t\t<div class=\"elementor-widget-wrap\">\n\t\t\t\t\t\t<div class=\"elementor-element elementor-element-2038f94 elementor-aspect-ratio-169 elementor-widget elementor-widget-video\" data-id=\"2038f94\" data-element_type=\"widget\" data-settings=\"{&quot;aspect_ratio&quot;:&quot;169&quot;}\" data-widget_type=\"video.default\">\n\t\t\t\t<div class=\"elementor-widget-container\">\n\t\t\t\t\t<div class=\"elementor-wrapper elementor-fit-aspect-ratio elementor-open-inline\">\n\t\t\t\t\t<video class=\"elementor-video\" src=\"https:\/\/www.grupoluz.com.br\/trabalhos\/wp-content\/uploads\/2019\/06\/pre-producao-640px.mp4\" autoplay=\"\" loop=\"\" controls=\"\" controlsList=\"nodownload\"><\/video>\n\t\t\t\t<\/div>\n\t\t\t\t<\/div>\n\t\t\t\t<\/div>\n\t\t\t\t\t\t<\/div>\n\t\t\t\t\t<\/div>\n\t\t<\/div>\n\t\t\t\t<div class=\"elementor-column elementor-col-33 elementor-top-column elementor-element elementor-element-2037cb4\" data-id=\"2037cb4\" data-element_type=\"column\">\n\t\t\t<div class=\"elementor-column-wrap elementor-element-populated\">\n\t\t\t\t\t\t\t<div class=\"elementor-widget-wrap\">\n\t\t\t\t\t\t<div class=\"elementor-element elementor-element-d880940 elementor-widget elementor-widget-text-editor\" data-id=\"d880940\" data-element_type=\"widget\" data-widget_type=\"text-editor.default\">\n\t\t\t\t<div class=\"elementor-widget-container\">\n\t\t\t\t\t<div class=\"elementor-text-editor elementor-clearfix\"><h2>Pr\u00e9-Produ\u00e7\u00e3o<\/h2><p>\u00e9 o nome dado \u00e0 prepara\u00e7\u00e3o dos conte\u00fados e log\u00edsticas que precedem a produ\u00e7\u00e3o de v\u00eddeos ou fotografias. \u00c9 nessa fase que os produtores ir\u00e3o alinhar, definir e programar as ideias com toda a equipe antes de coloc\u00e1-las em produ\u00e7\u00e3o. Ap\u00f3s serem aprovadas, \u00e9 chegada hora de designar a fun\u00e7\u00e3o de cada componente da equipe para que tudo saia conforme planejado.<\/p><p><br \/>A <strong>pr\u00e9-produ\u00e7\u00e3o<\/strong> existe para facilitar o processo de produ\u00e7\u00e3o e p\u00f3s-produ\u00e7\u00e3o. \u00c9 por meio da pr\u00e9-produ\u00e7\u00e3o que a equipe ir\u00e1 discutir e definir qual ser\u00e1 o tema do conte\u00fado, ir\u00e1 decidir tamb\u00e9m o casting de modelos e art\u00edstas, fornecedores, catering onde e quando ser\u00e1 realizada a produ\u00e7\u00e3o. Sendo mais objetivo, a <strong>pr\u00e9-produ\u00e7\u00e3o<\/strong> \u00e9 a base para as outras fases, pois um trabalho s\u00f3 ser\u00e1 bem feito se todas as etapas da sua produ\u00e7\u00e3o audiovisual forem previamente pensadas.<\/p><p>Se a <strong>pr\u00e9-produ\u00e7\u00e3o<\/strong> n\u00e3o for bem executada, a produ\u00e7\u00e3o audiovisual n\u00e3o sair\u00e1 do papel j\u00e1 que uma de suas fun\u00e7\u00f5es \u00e9 orientar as pessoas, envolvidas nesse processo, como as coisas devem ser feitas.<\/p><p>Por exemplo: imagine que voc\u00ea \u00e9 um engenheiro e decida construir um pr\u00e9dio sem um planejamento, sem estudar a \u00e1rea e nem ter em mente as contas certas para que tudo saia bem. Se n\u00e3o tiver uma <strong>pr\u00e9-produ\u00e7\u00e3o<\/strong> antes, o seu empreendimento, certamente, n\u00e3o ter\u00e1 sucesso.<\/p><p>\u00a0<\/p><\/div>\n\t\t\t\t<\/div>\n\t\t\t\t<\/div>\n\t\t\t\t\t\t<\/div>\n\t\t\t\t\t<\/div>\n\t\t<\/div>\n\t\t\t\t\t\t\t\t<\/div>\n\t\t\t\t\t<\/div>\n\t\t<\/section>\n\t\t\t\t<section class=\"elementor-section elementor-top-section elementor-element elementor-element-e814bcb elementor-section-boxed elementor-section-height-default elementor-section-height-default\" data-id=\"e814bcb\" data-element_type=\"section\">\n\t\t\t\t\t\t<div class=\"elementor-container elementor-column-gap-default\">\n\t\t\t\t\t\t\t<div class=\"elementor-row\">\n\t\t\t\t\t<div class=\"elementor-column elementor-col-100 elementor-top-column elementor-element elementor-element-f023741\" data-id=\"f023741\" data-element_type=\"column\">\n\t\t\t<div class=\"elementor-column-wrap elementor-element-populated\">\n\t\t\t\t\t\t\t<div class=\"elementor-widget-wrap\">\n\t\t\t\t\t\t<div class=\"elementor-element elementor-element-3c3c2c9 elementor-widget elementor-widget-heading\" data-id=\"3c3c2c9\" data-element_type=\"widget\" data-widget_type=\"heading.default\">\n\t\t\t\t<div class=\"elementor-widget-container\">\n\t\t\t<h3 class=\"elementor-heading-title elementor-size-default\">Veja alguns dos trabalhos executados pela Pr\u00e9-Produ\u00e7\u00e3o:<\/h3>\t\t<\/div>\n\t\t\t\t<\/div>\n\t\t\t\t<div class=\"elementor-element elementor-element-3fda0c4 elementor-widget elementor-widget-image-gallery\" data-id=\"3fda0c4\" data-element_type=\"widget\" data-widget_type=\"image-gallery.default\">\n\t\t\t\t<div class=\"elementor-widget-container\">\n\t\t\t\t\t<div class=\"elementor-image-gallery\">\n\t\t\t<div id='gallery-1' class='gallery galleryid-2234 gallery-columns-6 gallery-size-thumbnail'><figure class='gallery-item'>\n\t\t\t<div class='gallery-icon landscape'>\n\t\t\t\t<a data-elementor-open-lightbox=\"yes\" data-elementor-lightbox-slideshow=\"3fda0c4\" data-elementor-lightbox-title=\"Pr\u00e9-produ\u00e7\u00e3o - Cristina Somensato\" href='https:\/\/www.grupoluz.com.br\/trabalhos\/wp-content\/uploads\/2019\/05\/photoshop-conference-produtora-de-imagens-cristina-somensato-do-grupo-luz11.jpg'><img width=\"150\" height=\"150\" src=\"https:\/\/www.grupoluz.com.br\/trabalhos\/wp-content\/uploads\/2019\/05\/photoshop-conference-produtora-de-imagens-cristina-somensato-do-grupo-luz11-150x150.jpg\" class=\"attachment-thumbnail size-thumbnail\" alt=\"\" loading=\"lazy\" \/><\/a>\n\t\t\t<\/div><\/figure><figure class='gallery-item'>\n\t\t\t<div class='gallery-icon portrait'>\n\t\t\t\t<a data-elementor-open-lightbox=\"yes\" data-elementor-lightbox-slideshow=\"3fda0c4\" data-elementor-lightbox-title=\"Pr\u00e9-produ\u00e7\u00e3o - Cristina Somensato\" href='https:\/\/www.grupoluz.com.br\/trabalhos\/wp-content\/uploads\/2019\/05\/photoshop-conference-produtora-de-imagens-cristina-somensato-do-grupo-luz5.jpg'><img width=\"150\" height=\"150\" src=\"https:\/\/www.grupoluz.com.br\/trabalhos\/wp-content\/uploads\/2019\/05\/photoshop-conference-produtora-de-imagens-cristina-somensato-do-grupo-luz5-150x150.jpg\" class=\"attachment-thumbnail size-thumbnail\" alt=\"\" loading=\"lazy\" \/><\/a>\n\t\t\t<\/div><\/figure><figure class='gallery-item'>\n\t\t\t<div class='gallery-icon landscape'>\n\t\t\t\t<a data-elementor-open-lightbox=\"yes\" data-elementor-lightbox-slideshow=\"3fda0c4\" data-elementor-lightbox-title=\"Pr\u00e9-produ\u00e7\u00e3o - Cristina Somensato\" href='https:\/\/www.grupoluz.com.br\/trabalhos\/wp-content\/uploads\/2019\/05\/photoshop-conference-produtora-de-imagens-cristina-somensato-do-grupo-luz9.jpg'><img width=\"150\" height=\"150\" src=\"https:\/\/www.grupoluz.com.br\/trabalhos\/wp-content\/uploads\/2019\/05\/photoshop-conference-produtora-de-imagens-cristina-somensato-do-grupo-luz9-150x150.jpg\" class=\"attachment-thumbnail size-thumbnail\" alt=\"\" loading=\"lazy\" \/><\/a>\n\t\t\t<\/div><\/figure><figure class='gallery-item'>\n\t\t\t<div class='gallery-icon landscape'>\n\t\t\t\t<a data-elementor-open-lightbox=\"yes\" data-elementor-lightbox-slideshow=\"3fda0c4\" data-elementor-lightbox-title=\"Pr\u00e9-produ\u00e7\u00e3o - Cristina Somensato\" href='https:\/\/www.grupoluz.com.br\/trabalhos\/wp-content\/uploads\/2019\/05\/photoshop-conference-produtora-de-imagens-cristina-somensato-do-grupo-luz12.jpg'><img width=\"150\" height=\"150\" src=\"https:\/\/www.grupoluz.com.br\/trabalhos\/wp-content\/uploads\/2019\/05\/photoshop-conference-produtora-de-imagens-cristina-somensato-do-grupo-luz12-150x150.jpg\" class=\"attachment-thumbnail size-thumbnail\" alt=\"\" loading=\"lazy\" \/><\/a>\n\t\t\t<\/div><\/figure><figure class='gallery-item'>\n\t\t\t<div class='gallery-icon landscape'>\n\t\t\t\t<a data-elementor-open-lightbox=\"yes\" data-elementor-lightbox-slideshow=\"3fda0c4\" data-elementor-lightbox-title=\"Pr\u00e9-produ\u00e7\u00e3o - Cristina Somensato\" href='https:\/\/www.grupoluz.com.br\/trabalhos\/wp-content\/uploads\/2019\/05\/photoshop-conference-produtora-de-imagens-cristina-somensato-do-grupo-luz2.jpg'><img width=\"150\" height=\"150\" src=\"https:\/\/www.grupoluz.com.br\/trabalhos\/wp-content\/uploads\/2019\/05\/photoshop-conference-produtora-de-imagens-cristina-somensato-do-grupo-luz2-150x150.jpg\" class=\"attachment-thumbnail size-thumbnail\" alt=\"\" loading=\"lazy\" \/><\/a>\n\t\t\t<\/div><\/figure><figure class='gallery-item'>\n\t\t\t<div class='gallery-icon portrait'>\n\t\t\t\t<a data-elementor-open-lightbox=\"yes\" data-elementor-lightbox-slideshow=\"3fda0c4\" data-elementor-lightbox-title=\"Pr\u00e9-produ\u00e7\u00e3o - Cristina Somensato\" href='https:\/\/www.grupoluz.com.br\/trabalhos\/wp-content\/uploads\/2019\/05\/photoshop-conference-produtora-de-imagens-cristina-somensato-do-grupo-luz10.jpg'><img width=\"150\" height=\"150\" src=\"https:\/\/www.grupoluz.com.br\/trabalhos\/wp-content\/uploads\/2019\/05\/photoshop-conference-produtora-de-imagens-cristina-somensato-do-grupo-luz10-150x150.jpg\" class=\"attachment-thumbnail size-thumbnail\" alt=\"\" loading=\"lazy\" \/><\/a>\n\t\t\t<\/div><\/figure><figure class='gallery-item'>\n\t\t\t<div class='gallery-icon landscape'>\n\t\t\t\t<a data-elementor-open-lightbox=\"yes\" data-elementor-lightbox-slideshow=\"3fda0c4\" data-elementor-lightbox-title=\"Pr\u00e9-produ\u00e7\u00e3o - Cristina Somensato\" href='https:\/\/www.grupoluz.com.br\/trabalhos\/wp-content\/uploads\/2019\/05\/photoshop-conference-produtora-de-imagens-cristina-somensato-do-grupo-luz7.jpg'><img width=\"150\" height=\"150\" src=\"https:\/\/www.grupoluz.com.br\/trabalhos\/wp-content\/uploads\/2019\/05\/photoshop-conference-produtora-de-imagens-cristina-somensato-do-grupo-luz7-150x150.jpg\" class=\"attachment-thumbnail size-thumbnail\" alt=\"\" loading=\"lazy\" \/><\/a>\n\t\t\t<\/div><\/figure><figure class='gallery-item'>\n\t\t\t<div class='gallery-icon landscape'>\n\t\t\t\t<a data-elementor-open-lightbox=\"yes\" data-elementor-lightbox-slideshow=\"3fda0c4\" data-elementor-lightbox-title=\"pre-producao-de-imagem-grupo-luz\" href='https:\/\/www.grupoluz.com.br\/trabalhos\/wp-content\/uploads\/2019\/05\/pre-producao-de-imagem-grupo-luz.jpg'><img width=\"150\" height=\"150\" src=\"https:\/\/www.grupoluz.com.br\/trabalhos\/wp-content\/uploads\/2019\/05\/pre-producao-de-imagem-grupo-luz-150x150.jpg\" class=\"attachment-thumbnail size-thumbnail\" alt=\"\" loading=\"lazy\" \/><\/a>\n\t\t\t<\/div><\/figure><figure class='gallery-item'>\n\t\t\t<div class='gallery-icon landscape'>\n\t\t\t\t<a data-elementor-open-lightbox=\"yes\" data-elementor-lightbox-slideshow=\"3fda0c4\" data-elementor-lightbox-title=\"Pr\u00e9-produ\u00e7\u00e3o - Cristina Somensato\" href='https:\/\/www.grupoluz.com.br\/trabalhos\/wp-content\/uploads\/2019\/05\/photoshop-conference-produtora-de-imagens-cristina-somensato-do-grupo-luz1.jpg'><img width=\"150\" height=\"150\" src=\"https:\/\/www.grupoluz.com.br\/trabalhos\/wp-content\/uploads\/2019\/05\/photoshop-conference-produtora-de-imagens-cristina-somensato-do-grupo-luz1-150x150.jpg\" class=\"attachment-thumbnail size-thumbnail\" alt=\"\" loading=\"lazy\" srcset=\"https:\/\/www.grupoluz.com.br\/trabalhos\/wp-content\/uploads\/2019\/05\/photoshop-conference-produtora-de-imagens-cristina-somensato-do-grupo-luz1-150x150.jpg 150w, https:\/\/www.grupoluz.com.br\/trabalhos\/wp-content\/uploads\/2019\/05\/photoshop-conference-produtora-de-imagens-cristina-somensato-do-grupo-luz1-300x300.jpg 300w, https:\/\/www.grupoluz.com.br\/trabalhos\/wp-content\/uploads\/2019\/05\/photoshop-conference-produtora-de-imagens-cristina-somensato-do-grupo-luz1-768x768.jpg 768w, https:\/\/www.grupoluz.com.br\/trabalhos\/wp-content\/uploads\/2019\/05\/photoshop-conference-produtora-de-imagens-cristina-somensato-do-grupo-luz1-1024x1024.jpg 1024w, https:\/\/www.grupoluz.com.br\/trabalhos\/wp-content\/uploads\/2019\/05\/photoshop-conference-produtora-de-imagens-cristina-somensato-do-grupo-luz1-500x500.jpg 500w, https:\/\/www.grupoluz.com.br\/trabalhos\/wp-content\/uploads\/2019\/05\/photoshop-conference-produtora-de-imagens-cristina-somensato-do-grupo-luz1.jpg 1200w\" sizes=\"(max-width: 150px) 100vw, 150px\" \/><\/a>\n\t\t\t<\/div><\/figure><figure class='gallery-item'>\n\t\t\t<div class='gallery-icon landscape'>\n\t\t\t\t<a data-elementor-open-lightbox=\"yes\" data-elementor-lightbox-slideshow=\"3fda0c4\" data-elementor-lightbox-title=\"Pr\u00e9-produ\u00e7\u00e3o - Cristina Somensato\" href='https:\/\/www.grupoluz.com.br\/trabalhos\/wp-content\/uploads\/2019\/05\/photoshop-conference-produtora-de-imagens-cristina-somensato-do-grupo-luz3.jpg'><img width=\"150\" height=\"150\" src=\"https:\/\/www.grupoluz.com.br\/trabalhos\/wp-content\/uploads\/2019\/05\/photoshop-conference-produtora-de-imagens-cristina-somensato-do-grupo-luz3-150x150.jpg\" class=\"attachment-thumbnail size-thumbnail\" alt=\"\" loading=\"lazy\" \/><\/a>\n\t\t\t<\/div><\/figure><figure class='gallery-item'>\n\t\t\t<div class='gallery-icon landscape'>\n\t\t\t\t<a data-elementor-open-lightbox=\"yes\" data-elementor-lightbox-slideshow=\"3fda0c4\" data-elementor-lightbox-title=\"Pr\u00e9-produ\u00e7\u00e3o - Cristina Somensato\" href='https:\/\/www.grupoluz.com.br\/trabalhos\/wp-content\/uploads\/2019\/05\/photoshop-conference-produtora-de-imagens-cristina-somensato-do-grupo-luz8.jpg'><img width=\"150\" height=\"150\" src=\"https:\/\/www.grupoluz.com.br\/trabalhos\/wp-content\/uploads\/2019\/05\/photoshop-conference-produtora-de-imagens-cristina-somensato-do-grupo-luz8-150x150.jpg\" class=\"attachment-thumbnail size-thumbnail\" alt=\"\" loading=\"lazy\" \/><\/a>\n\t\t\t<\/div><\/figure><figure class='gallery-item'>\n\t\t\t<div class='gallery-icon landscape'>\n\t\t\t\t<a data-elementor-open-lightbox=\"yes\" data-elementor-lightbox-slideshow=\"3fda0c4\" data-elementor-lightbox-title=\"Pr\u00e9-produ\u00e7\u00e3o - Cristina Somensato\" href='https:\/\/www.grupoluz.com.br\/trabalhos\/wp-content\/uploads\/2019\/05\/photoshop-conference-produtora-de-imagens-cristina-somensato-do-grupo-luz6.jpg'><img width=\"150\" height=\"150\" src=\"https:\/\/www.grupoluz.com.br\/trabalhos\/wp-content\/uploads\/2019\/05\/photoshop-conference-produtora-de-imagens-cristina-somensato-do-grupo-luz6-150x150.jpg\" class=\"attachment-thumbnail size-thumbnail\" alt=\"\" loading=\"lazy\" \/><\/a>\n\t\t\t<\/div><\/figure>\n\t\t<\/div>\n\t\t<\/div>\n\t\t\t\t<\/div>\n\t\t\t\t<\/div>\n\t\t\t\t\t\t<\/div>\n\t\t\t\t\t<\/div>\n\t\t<\/div>\n\t\t\t\t\t\t\t\t<\/div>\n\t\t\t\t\t<\/div>\n\t\t<\/section>\n\t\t\t\t\t\t<\/div>\n\t\t\t\t\t\t<\/div>\n\t\t\t\t\t<\/div>\n\t\t","protected":false},"excerpt":{"rendered":"<p>https:\/\/www.grupoluz.com.br\/trabalhos\/wp-content\/uploads\/2019\/06\/pre-producao-640px.mp4 Pr\u00e9-Produ\u00e7\u00e3o \u00e9 o nome dado \u00e0 prepara\u00e7\u00e3o dos conte\u00fados e log\u00edsticas que precedem a produ\u00e7\u00e3o de v\u00eddeos ou fotografias. [&hellip;]<\/p>\n","protected":false},"author":2,"featured_media":0,"parent":0,"menu_order":0,"comment_status":"closed","ping_status":"closed","template":"elementor_header_footer","meta":{"_vp_format_video_url":"","_vp_image_focal_point":[]},"yoast_head":"<!-- This site is optimized with the Yoast SEO plugin v16.0.2 - https:\/\/yoast.com\/wordpress\/plugins\/seo\/ -->\n<title>Pr\u00e9-Produ\u00e7\u00e3o - Grupo Luz<\/title>\n<link rel=\"canonical\" href=\"https:\/\/www.grupoluz.com.br\/trabalhos\/pre-producao\/\" \/>\n<meta property=\"og:locale\" content=\"pt_BR\" \/>\n<meta property=\"og:type\" content=\"article\" \/>\n<meta property=\"og:title\" content=\"Pr\u00e9-Produ\u00e7\u00e3o - Grupo Luz\" \/>\n<meta property=\"og:description\" content=\"https:\/\/www.grupoluz.com.br\/trabalhos\/wp-content\/uploads\/2019\/06\/pre-producao-640px.mp4 Pr\u00e9-Produ\u00e7\u00e3o \u00e9 o nome dado \u00e0 prepara\u00e7\u00e3o dos conte\u00fados e log\u00edsticas que precedem a produ\u00e7\u00e3o de v\u00eddeos ou fotografias. [&hellip;]\" \/>\n<meta property=\"og:url\" content=\"https:\/\/www.grupoluz.com.br\/trabalhos\/pre-producao\/\" \/>\n<meta property=\"og:site_name\" content=\"Grupo Luz\" \/>\n<meta property=\"article:publisher\" content=\"https:\/\/www.facebook.com\/grupoluzestudio\" \/>\n<meta property=\"article:modified_time\" content=\"2019-07-12T14:33:43+00:00\" \/>\n<meta property=\"og:image\" content=\"https:\/\/www.grupoluz.com.br\/trabalhos\/wp-content\/uploads\/2019\/05\/photoshop-conference-produtora-de-imagens-cristina-somensato-do-grupo-luz8-150x150.jpg\" \/>\n<meta name=\"twitter:card\" content=\"summary_large_image\" \/>\n<meta name=\"twitter:label1\" content=\"Est. tempo de leitura\">\n\t<meta name=\"twitter:data1\" content=\"1 minuto\">\n<script type=\"application\/ld+json\" class=\"yoast-schema-graph\">{\"@context\":\"https:\/\/schema.org\",\"@graph\":[{\"@type\":\"Organization\",\"@id\":\"https:\/\/www.grupoluz.com.br\/trabalhos\/#organization\",\"name\":\"Grupo Luz\",\"url\":\"https:\/\/www.grupoluz.com.br\/trabalhos\/\",\"sameAs\":[\"https:\/\/www.facebook.com\/grupoluzestudio\",\"https:\/\/www.instagram.com\/grupoluz.com.br\/\",\"https:\/\/www.linkedin.com\/company\/10954713\/admin\/\"],\"logo\":{\"@type\":\"ImageObject\",\"@id\":\"https:\/\/www.grupoluz.com.br\/trabalhos\/#logo\",\"inLanguage\":\"pt-BR\",\"url\":\"https:\/\/www.grupoluz.com.br\/trabalhos\/wp-content\/uploads\/2021\/05\/Untitled-1-2.png\",\"width\":118,\"height\":108,\"caption\":\"Grupo Luz\"},\"image\":{\"@id\":\"https:\/\/www.grupoluz.com.br\/trabalhos\/#logo\"}},{\"@type\":\"WebSite\",\"@id\":\"https:\/\/www.grupoluz.com.br\/trabalhos\/#website\",\"url\":\"https:\/\/www.grupoluz.com.br\/trabalhos\/\",\"name\":\"Grupo Luz\",\"description\":\"est\\u00fadio publicit\\u00e1rio de imagens e conte\\u00fados para comunica\\u00e7\\u00e3o de alta performance.\",\"publisher\":{\"@id\":\"https:\/\/www.grupoluz.com.br\/trabalhos\/#organization\"},\"potentialAction\":[{\"@type\":\"SearchAction\",\"target\":\"https:\/\/www.grupoluz.com.br\/trabalhos\/?s={search_term_string}\",\"query-input\":\"required name=search_term_string\"}],\"inLanguage\":\"pt-BR\"},{\"@type\":\"ImageObject\",\"@id\":\"https:\/\/www.grupoluz.com.br\/trabalhos\/pre-producao\/#primaryimage\",\"inLanguage\":\"pt-BR\",\"url\":\"https:\/\/www.grupoluz.com.br\/trabalhos\/wp-content\/uploads\/2019\/05\/photoshop-conference-produtora-de-imagens-cristina-somensato-do-grupo-luz8.jpg\",\"width\":1200,\"height\":800},{\"@type\":\"WebPage\",\"@id\":\"https:\/\/www.grupoluz.com.br\/trabalhos\/pre-producao\/#webpage\",\"url\":\"https:\/\/www.grupoluz.com.br\/trabalhos\/pre-producao\/\",\"name\":\"Pr\\u00e9-Produ\\u00e7\\u00e3o - Grupo Luz\",\"isPartOf\":{\"@id\":\"https:\/\/www.grupoluz.com.br\/trabalhos\/#website\"},\"primaryImageOfPage\":{\"@id\":\"https:\/\/www.grupoluz.com.br\/trabalhos\/pre-producao\/#primaryimage\"},\"datePublished\":\"2019-07-12T14:08:40+00:00\",\"dateModified\":\"2019-07-12T14:33:43+00:00\",\"breadcrumb\":{\"@id\":\"https:\/\/www.grupoluz.com.br\/trabalhos\/pre-producao\/#breadcrumb\"},\"inLanguage\":\"pt-BR\",\"potentialAction\":[{\"@type\":\"ReadAction\",\"target\":[\"https:\/\/www.grupoluz.com.br\/trabalhos\/pre-producao\/\"]}]},{\"@type\":\"BreadcrumbList\",\"@id\":\"https:\/\/www.grupoluz.com.br\/trabalhos\/pre-producao\/#breadcrumb\",\"itemListElement\":[{\"@type\":\"ListItem\",\"position\":1,\"item\":{\"@type\":\"WebPage\",\"@id\":\"https:\/\/www.grupoluz.com.br\/trabalhos\/\",\"url\":\"https:\/\/www.grupoluz.com.br\/trabalhos\/\",\"name\":\"In\\u00edcio\"}},{\"@type\":\"ListItem\",\"position\":2,\"item\":{\"@type\":\"WebPage\",\"@id\":\"https:\/\/www.grupoluz.com.br\/trabalhos\/pre-producao\/\",\"url\":\"https:\/\/www.grupoluz.com.br\/trabalhos\/pre-producao\/\",\"name\":\"Pr\\u00e9-Produ\\u00e7\\u00e3o\"}}]}]}<\/script>\n<!-- \/ Yoast SEO plugin. -->","_links":{"self":[{"href":"https:\/\/www.grupoluz.com.br\/trabalhos\/wp-json\/wp\/v2\/pages\/2234"}],"collection":[{"href":"https:\/\/www.grupoluz.com.br\/trabalhos\/wp-json\/wp\/v2\/pages"}],"about":[{"href":"https:\/\/www.grupoluz.com.br\/trabalhos\/wp-json\/wp\/v2\/types\/page"}],"author":[{"embeddable":true,"href":"https:\/\/www.grupoluz.com.br\/trabalhos\/wp-json\/wp\/v2\/users\/2"}],"replies":[{"embeddable":true,"href":"https:\/\/www.grupoluz.com.br\/trabalhos\/wp-json\/wp\/v2\/comments?post=2234"}],"version-history":[{"count":0,"href":"https:\/\/www.grupoluz.com.br\/trabalhos\/wp-json\/wp\/v2\/pages\/2234\/revisions"}],"wp:attachment":[{"href":"https:\/\/www.grupoluz.com.br\/trabalhos\/wp-json\/wp\/v2\/media?parent=2234"}],"curies":[{"name":"wp","href":"https:\/\/api.w.org\/{rel}","templated":true}]}}