{"id":2251,"date":"2019-07-12T15:19:45","date_gmt":"2019-07-12T15:19:45","guid":{"rendered":"https:\/\/www.grupoluz.com.br\/trabalhos\/?page_id=2251"},"modified":"2019-07-12T15:44:31","modified_gmt":"2019-07-12T15:44:31","slug":"pos-producao","status":"publish","type":"page","link":"https:\/\/www.grupoluz.com.br\/trabalhos\/pos-producao\/","title":{"rendered":"P\u00f3s-Produ\u00e7\u00e3o"},"content":{"rendered":"\t\t<div data-elementor-type=\"wp-post\" data-elementor-id=\"2251\" class=\"elementor elementor-2251\" data-elementor-settings=\"[]\">\n\t\t\t\t\t\t<div class=\"elementor-inner\">\n\t\t\t\t\t\t\t<div class=\"elementor-section-wrap\">\n\t\t\t\t\t\t\t<section class=\"elementor-section elementor-top-section elementor-element elementor-element-035e7f4 elementor-section-full_width elementor-section-height-default elementor-section-height-default\" data-id=\"035e7f4\" data-element_type=\"section\">\n\t\t\t\t\t\t<div class=\"elementor-container elementor-column-gap-default\">\n\t\t\t\t\t\t\t<div class=\"elementor-row\">\n\t\t\t\t\t<div class=\"elementor-column elementor-col-66 elementor-top-column elementor-element elementor-element-8099282\" data-id=\"8099282\" data-element_type=\"column\">\n\t\t\t<div class=\"elementor-column-wrap elementor-element-populated\">\n\t\t\t\t\t\t\t<div class=\"elementor-widget-wrap\">\n\t\t\t\t\t\t<div class=\"elementor-element elementor-element-2038f94 elementor-aspect-ratio-169 elementor-widget elementor-widget-video\" data-id=\"2038f94\" data-element_type=\"widget\" data-settings=\"{&quot;aspect_ratio&quot;:&quot;169&quot;}\" data-widget_type=\"video.default\">\n\t\t\t\t<div class=\"elementor-widget-container\">\n\t\t\t\t\t<div class=\"elementor-wrapper elementor-fit-aspect-ratio elementor-open-inline\">\n\t\t\t\t\t<video class=\"elementor-video\" src=\"https:\/\/www.grupoluz.com.br\/trabalhos\/wp-content\/uploads\/2019\/06\/posproducao-video.mp4\" autoplay=\"\" loop=\"\" controls=\"\" controlsList=\"nodownload\"><\/video>\n\t\t\t\t<\/div>\n\t\t\t\t<\/div>\n\t\t\t\t<\/div>\n\t\t\t\t\t\t<\/div>\n\t\t\t\t\t<\/div>\n\t\t<\/div>\n\t\t\t\t<div class=\"elementor-column elementor-col-33 elementor-top-column elementor-element elementor-element-2037cb4\" data-id=\"2037cb4\" data-element_type=\"column\">\n\t\t\t<div class=\"elementor-column-wrap elementor-element-populated\">\n\t\t\t\t\t\t\t<div class=\"elementor-widget-wrap\">\n\t\t\t\t\t\t<div class=\"elementor-element elementor-element-d880940 elementor-widget elementor-widget-text-editor\" data-id=\"d880940\" data-element_type=\"widget\" data-widget_type=\"text-editor.default\">\n\t\t\t\t<div class=\"elementor-widget-container\">\n\t\t\t\t\t<div class=\"elementor-text-editor elementor-clearfix\"><h2>P\u00f3s-Produ\u00e7\u00e3o<\/h2><p>\u00e9 o nome dado a todo e etapa ou processo ap\u00f3s a produ\u00e7\u00e3o da imagem. Refere-se ao conjunto de processos aplicados ao material produzido na produ\u00e7\u00e3o audiovisual digitalmente.<br \/>A <strong>p\u00f3s-produ\u00e7\u00e3o<\/strong> tem como principal objetivo incluir melhorias, no processo de comunica\u00e7\u00e3o, deixando o material mais coeso, coerente e atraente para o p\u00fablico.<\/p><p>Os principais processos de <strong>p\u00f3s-produ\u00e7\u00e3o<\/strong> s\u00e3o:<br \/>Tratamentos de Imagens, Ilustra\u00e7\u00f5es, Edi\u00e7\u00f5es audio visuais, Recortes, Montagens, Imagens H\u00edbridas 2D e 3D, CGI, Mockup Digital, Artes Offline (Diagrama\u00e7\u00f5es e Identidade Visual), Artes Online (Banners, Sites, EMKT e M\u00eddias Sociais), revela\u00e7\u00e3o e publica\u00e7\u00e3o dos conte\u00fados criados pela produ\u00e7\u00e3o.<\/p><p><br \/>A <strong>p\u00f3s-produ\u00e7\u00e3o<\/strong> existe para dar sentido \u00e0s imagens captadas durante o processo de produ\u00e7\u00e3o.<\/p><\/div>\n\t\t\t\t<\/div>\n\t\t\t\t<\/div>\n\t\t\t\t\t\t<\/div>\n\t\t\t\t\t<\/div>\n\t\t<\/div>\n\t\t\t\t\t\t\t\t<\/div>\n\t\t\t\t\t<\/div>\n\t\t<\/section>\n\t\t\t\t<section class=\"elementor-section elementor-top-section elementor-element elementor-element-e814bcb elementor-section-boxed elementor-section-height-default elementor-section-height-default\" data-id=\"e814bcb\" data-element_type=\"section\">\n\t\t\t\t\t\t<div class=\"elementor-container elementor-column-gap-default\">\n\t\t\t\t\t\t\t<div class=\"elementor-row\">\n\t\t\t\t\t<div class=\"elementor-column elementor-col-100 elementor-top-column elementor-element elementor-element-f023741\" data-id=\"f023741\" data-element_type=\"column\">\n\t\t\t<div class=\"elementor-column-wrap elementor-element-populated\">\n\t\t\t\t\t\t\t<div class=\"elementor-widget-wrap\">\n\t\t\t\t\t\t<div class=\"elementor-element elementor-element-3c3c2c9 elementor-widget elementor-widget-heading\" data-id=\"3c3c2c9\" data-element_type=\"widget\" data-widget_type=\"heading.default\">\n\t\t\t\t<div class=\"elementor-widget-container\">\n\t\t\t<h3 class=\"elementor-heading-title elementor-size-default\">Veja alguns dos trabalhos executados pela P\u00f3s-Produ\u00e7\u00e3o:<\/h3>\t\t<\/div>\n\t\t\t\t<\/div>\n\t\t\t\t<div class=\"elementor-element elementor-element-3fda0c4 elementor-widget elementor-widget-image-gallery\" data-id=\"3fda0c4\" data-element_type=\"widget\" data-widget_type=\"image-gallery.default\">\n\t\t\t\t<div class=\"elementor-widget-container\">\n\t\t\t\t\t<div class=\"elementor-image-gallery\">\n\t\t\t<div id='gallery-1' class='gallery galleryid-2251 gallery-columns-6 gallery-size-thumbnail'><figure class='gallery-item'>\n\t\t\t<div class='gallery-icon landscape'>\n\t\t\t\t<a data-elementor-open-lightbox=\"yes\" data-elementor-lightbox-slideshow=\"3fda0c4\" data-elementor-lightbox-title=\"P\u00f3s-produ\u00e7\u00e3o - Kaue Luz\" href='https:\/\/www.grupoluz.com.br\/trabalhos\/wp-content\/uploads\/2019\/05\/photoshop-conference-editor-de-imagens-kaue-luz-do-grupo-luz12.jpg'><img width=\"150\" height=\"150\" src=\"https:\/\/www.grupoluz.com.br\/trabalhos\/wp-content\/uploads\/2019\/05\/photoshop-conference-editor-de-imagens-kaue-luz-do-grupo-luz12-150x150.jpg\" class=\"attachment-thumbnail size-thumbnail\" alt=\"\" loading=\"lazy\" \/><\/a>\n\t\t\t<\/div><\/figure><figure class='gallery-item'>\n\t\t\t<div class='gallery-icon landscape'>\n\t\t\t\t<a data-elementor-open-lightbox=\"yes\" data-elementor-lightbox-slideshow=\"3fda0c4\" data-elementor-lightbox-title=\"pos-producao-de-imagem-grupo-luz\" href='https:\/\/www.grupoluz.com.br\/trabalhos\/wp-content\/uploads\/2019\/05\/pos-producao-de-imagem-grupo-luz.jpg'><img width=\"150\" height=\"150\" src=\"https:\/\/www.grupoluz.com.br\/trabalhos\/wp-content\/uploads\/2019\/05\/pos-producao-de-imagem-grupo-luz-150x150.jpg\" class=\"attachment-thumbnail size-thumbnail\" alt=\"\" loading=\"lazy\" \/><\/a>\n\t\t\t<\/div><\/figure><figure class='gallery-item'>\n\t\t\t<div class='gallery-icon landscape'>\n\t\t\t\t<a data-elementor-open-lightbox=\"yes\" data-elementor-lightbox-slideshow=\"3fda0c4\" data-elementor-lightbox-title=\"P\u00f3s-produ\u00e7\u00e3o - Kaue Luz\" href='https:\/\/www.grupoluz.com.br\/trabalhos\/wp-content\/uploads\/2019\/05\/photoshop-conference-editor-de-imagens-kaue-luz-do-grupo-luz8.jpg'><img width=\"150\" height=\"150\" src=\"https:\/\/www.grupoluz.com.br\/trabalhos\/wp-content\/uploads\/2019\/05\/photoshop-conference-editor-de-imagens-kaue-luz-do-grupo-luz8-150x150.jpg\" class=\"attachment-thumbnail size-thumbnail\" alt=\"\" loading=\"lazy\" \/><\/a>\n\t\t\t<\/div><\/figure><figure class='gallery-item'>\n\t\t\t<div class='gallery-icon portrait'>\n\t\t\t\t<a data-elementor-open-lightbox=\"yes\" data-elementor-lightbox-slideshow=\"3fda0c4\" data-elementor-lightbox-title=\"P\u00f3s-produ\u00e7\u00e3o - Kaue Luz\" href='https:\/\/www.grupoluz.com.br\/trabalhos\/wp-content\/uploads\/2019\/05\/photoshop-conference-editor-de-imagens-kaue-luz-do-grupo-luz11.jpg'><img width=\"150\" height=\"150\" src=\"https:\/\/www.grupoluz.com.br\/trabalhos\/wp-content\/uploads\/2019\/05\/photoshop-conference-editor-de-imagens-kaue-luz-do-grupo-luz11-150x150.jpg\" class=\"attachment-thumbnail size-thumbnail\" alt=\"\" loading=\"lazy\" \/><\/a>\n\t\t\t<\/div><\/figure><figure class='gallery-item'>\n\t\t\t<div class='gallery-icon landscape'>\n\t\t\t\t<a data-elementor-open-lightbox=\"yes\" data-elementor-lightbox-slideshow=\"3fda0c4\" data-elementor-lightbox-title=\"P\u00f3s-produ\u00e7\u00e3o - Kaue Luz\" href='https:\/\/www.grupoluz.com.br\/trabalhos\/wp-content\/uploads\/2019\/05\/photoshop-conference-editor-de-imagens-kaue-luz-do-grupo-luz10.jpg'><img width=\"150\" height=\"150\" src=\"https:\/\/www.grupoluz.com.br\/trabalhos\/wp-content\/uploads\/2019\/05\/photoshop-conference-editor-de-imagens-kaue-luz-do-grupo-luz10-150x150.jpg\" class=\"attachment-thumbnail size-thumbnail\" alt=\"\" loading=\"lazy\" \/><\/a>\n\t\t\t<\/div><\/figure><figure class='gallery-item'>\n\t\t\t<div class='gallery-icon landscape'>\n\t\t\t\t<a data-elementor-open-lightbox=\"yes\" data-elementor-lightbox-slideshow=\"3fda0c4\" data-elementor-lightbox-title=\"P\u00f3s-produ\u00e7\u00e3o - Kaue Luz\" href='https:\/\/www.grupoluz.com.br\/trabalhos\/wp-content\/uploads\/2019\/05\/photoshop-conference-editor-de-imagens-kaue-luz-do-grupo-luz4.jpg'><img width=\"150\" height=\"150\" src=\"https:\/\/www.grupoluz.com.br\/trabalhos\/wp-content\/uploads\/2019\/05\/photoshop-conference-editor-de-imagens-kaue-luz-do-grupo-luz4-150x150.jpg\" class=\"attachment-thumbnail size-thumbnail\" alt=\"\" loading=\"lazy\" \/><\/a>\n\t\t\t<\/div><\/figure><figure class='gallery-item'>\n\t\t\t<div class='gallery-icon landscape'>\n\t\t\t\t<a data-elementor-open-lightbox=\"yes\" data-elementor-lightbox-slideshow=\"3fda0c4\" data-elementor-lightbox-title=\"P\u00f3s-produ\u00e7\u00e3o - Kaue Luz\" href='https:\/\/www.grupoluz.com.br\/trabalhos\/wp-content\/uploads\/2019\/05\/photoshop-conference-editor-de-imagens-kaue-luz-do-grupo-luz9.jpg'><img width=\"150\" height=\"150\" src=\"https:\/\/www.grupoluz.com.br\/trabalhos\/wp-content\/uploads\/2019\/05\/photoshop-conference-editor-de-imagens-kaue-luz-do-grupo-luz9-150x150.jpg\" class=\"attachment-thumbnail size-thumbnail\" alt=\"\" loading=\"lazy\" \/><\/a>\n\t\t\t<\/div><\/figure><figure class='gallery-item'>\n\t\t\t<div class='gallery-icon landscape'>\n\t\t\t\t<a data-elementor-open-lightbox=\"yes\" data-elementor-lightbox-slideshow=\"3fda0c4\" data-elementor-lightbox-title=\"P\u00f3s-produ\u00e7\u00e3o - Kaue Luz\" href='https:\/\/www.grupoluz.com.br\/trabalhos\/wp-content\/uploads\/2019\/05\/photoshop-conference-editor-de-imagens-kaue-luz-do-grupo-luz5.jpg'><img width=\"150\" height=\"150\" src=\"https:\/\/www.grupoluz.com.br\/trabalhos\/wp-content\/uploads\/2019\/05\/photoshop-conference-editor-de-imagens-kaue-luz-do-grupo-luz5-150x150.jpg\" class=\"attachment-thumbnail size-thumbnail\" alt=\"\" loading=\"lazy\" \/><\/a>\n\t\t\t<\/div><\/figure><figure class='gallery-item'>\n\t\t\t<div class='gallery-icon portrait'>\n\t\t\t\t<a data-elementor-open-lightbox=\"yes\" data-elementor-lightbox-slideshow=\"3fda0c4\" data-elementor-lightbox-title=\"P\u00f3s-produ\u00e7\u00e3o - Kaue Luz\" href='https:\/\/www.grupoluz.com.br\/trabalhos\/wp-content\/uploads\/2019\/05\/photoshop-conference-editor-de-imagens-kaue-luz-do-grupo-luz7.jpg'><img width=\"150\" height=\"150\" src=\"https:\/\/www.grupoluz.com.br\/trabalhos\/wp-content\/uploads\/2019\/05\/photoshop-conference-editor-de-imagens-kaue-luz-do-grupo-luz7-150x150.jpg\" class=\"attachment-thumbnail size-thumbnail\" alt=\"\" loading=\"lazy\" \/><\/a>\n\t\t\t<\/div><\/figure><figure class='gallery-item'>\n\t\t\t<div class='gallery-icon landscape'>\n\t\t\t\t<a data-elementor-open-lightbox=\"yes\" data-elementor-lightbox-slideshow=\"3fda0c4\" data-elementor-lightbox-title=\"P\u00f3s-produ\u00e7\u00e3o - Kaue Luz\" href='https:\/\/www.grupoluz.com.br\/trabalhos\/wp-content\/uploads\/2019\/05\/photoshop-conference-editor-de-imagens-kaue-luz-do-grupo-luz6.jpg'><img width=\"150\" height=\"150\" src=\"https:\/\/www.grupoluz.com.br\/trabalhos\/wp-content\/uploads\/2019\/05\/photoshop-conference-editor-de-imagens-kaue-luz-do-grupo-luz6-150x150.jpg\" class=\"attachment-thumbnail size-thumbnail\" alt=\"\" loading=\"lazy\" \/><\/a>\n\t\t\t<\/div><\/figure><figure class='gallery-item'>\n\t\t\t<div class='gallery-icon landscape'>\n\t\t\t\t<a data-elementor-open-lightbox=\"yes\" data-elementor-lightbox-slideshow=\"3fda0c4\" data-elementor-lightbox-title=\"P\u00f3s-produ\u00e7\u00e3o - Kaue Luz\" href='https:\/\/www.grupoluz.com.br\/trabalhos\/wp-content\/uploads\/2019\/05\/photoshop-conference-editor-de-imagens-kaue-luz-do-grupo-luz3.jpg'><img width=\"150\" height=\"150\" src=\"https:\/\/www.grupoluz.com.br\/trabalhos\/wp-content\/uploads\/2019\/05\/photoshop-conference-editor-de-imagens-kaue-luz-do-grupo-luz3-150x150.jpg\" class=\"attachment-thumbnail size-thumbnail\" alt=\"\" loading=\"lazy\" \/><\/a>\n\t\t\t<\/div><\/figure><figure class='gallery-item'>\n\t\t\t<div class='gallery-icon landscape'>\n\t\t\t\t<a data-elementor-open-lightbox=\"yes\" data-elementor-lightbox-slideshow=\"3fda0c4\" data-elementor-lightbox-title=\"P\u00f3s-produ\u00e7\u00e3o - Kaue Luz\" href='https:\/\/www.grupoluz.com.br\/trabalhos\/wp-content\/uploads\/2019\/05\/photoshop-conference-editor-de-imagens-kaue-luz-do-grupo-luz2.jpg'><img width=\"150\" height=\"150\" src=\"https:\/\/www.grupoluz.com.br\/trabalhos\/wp-content\/uploads\/2019\/05\/photoshop-conference-editor-de-imagens-kaue-luz-do-grupo-luz2-150x150.jpg\" class=\"attachment-thumbnail size-thumbnail\" alt=\"\" loading=\"lazy\" \/><\/a>\n\t\t\t<\/div><\/figure>\n\t\t<\/div>\n\t\t<\/div>\n\t\t\t\t<\/div>\n\t\t\t\t<\/div>\n\t\t\t\t\t\t<\/div>\n\t\t\t\t\t<\/div>\n\t\t<\/div>\n\t\t\t\t\t\t\t\t<\/div>\n\t\t\t\t\t<\/div>\n\t\t<\/section>\n\t\t\t\t\t\t<\/div>\n\t\t\t\t\t\t<\/div>\n\t\t\t\t\t<\/div>\n\t\t","protected":false},"excerpt":{"rendered":"<p>https:\/\/www.grupoluz.com.br\/trabalhos\/wp-content\/uploads\/2019\/06\/posproducao-video.mp4 P\u00f3s-Produ\u00e7\u00e3o \u00e9 o nome dado a todo e etapa ou processo ap\u00f3s a produ\u00e7\u00e3o da imagem. Refere-se ao conjunto [&hellip;]<\/p>\n","protected":false},"author":2,"featured_media":0,"parent":0,"menu_order":0,"comment_status":"closed","ping_status":"closed","template":"elementor_header_footer","meta":{"_vp_format_video_url":"","_vp_image_focal_point":[]},"yoast_head":"<!-- This site is optimized with the Yoast SEO plugin v16.0.2 - https:\/\/yoast.com\/wordpress\/plugins\/seo\/ -->\n<title>P\u00f3s-Produ\u00e7\u00e3o - Grupo Luz<\/title>\n<link rel=\"canonical\" href=\"https:\/\/www.grupoluz.com.br\/trabalhos\/pos-producao\/\" \/>\n<meta property=\"og:locale\" content=\"pt_BR\" \/>\n<meta property=\"og:type\" content=\"article\" \/>\n<meta property=\"og:title\" content=\"P\u00f3s-Produ\u00e7\u00e3o - Grupo Luz\" \/>\n<meta property=\"og:description\" content=\"https:\/\/www.grupoluz.com.br\/trabalhos\/wp-content\/uploads\/2019\/06\/posproducao-video.mp4 P\u00f3s-Produ\u00e7\u00e3o \u00e9 o nome dado a todo e etapa ou processo ap\u00f3s a produ\u00e7\u00e3o da imagem. Refere-se ao conjunto [&hellip;]\" \/>\n<meta property=\"og:url\" content=\"https:\/\/www.grupoluz.com.br\/trabalhos\/pos-producao\/\" \/>\n<meta property=\"og:site_name\" content=\"Grupo Luz\" \/>\n<meta property=\"article:publisher\" content=\"https:\/\/www.facebook.com\/grupoluzestudio\" \/>\n<meta property=\"article:modified_time\" content=\"2019-07-12T15:44:31+00:00\" \/>\n<meta property=\"og:image\" content=\"https:\/\/www.grupoluz.com.br\/trabalhos\/wp-content\/uploads\/2019\/05\/photoshop-conference-editor-de-imagens-kaue-luz-do-grupo-luz6-150x150.jpg\" \/>\n<meta name=\"twitter:card\" content=\"summary_large_image\" \/>\n<meta name=\"twitter:label1\" content=\"Est. tempo de leitura\">\n\t<meta name=\"twitter:data1\" content=\"1 minuto\">\n<script type=\"application\/ld+json\" class=\"yoast-schema-graph\">{\"@context\":\"https:\/\/schema.org\",\"@graph\":[{\"@type\":\"Organization\",\"@id\":\"https:\/\/www.grupoluz.com.br\/trabalhos\/#organization\",\"name\":\"Grupo Luz\",\"url\":\"https:\/\/www.grupoluz.com.br\/trabalhos\/\",\"sameAs\":[\"https:\/\/www.facebook.com\/grupoluzestudio\",\"https:\/\/www.instagram.com\/grupoluz.com.br\/\",\"https:\/\/www.linkedin.com\/company\/10954713\/admin\/\"],\"logo\":{\"@type\":\"ImageObject\",\"@id\":\"https:\/\/www.grupoluz.com.br\/trabalhos\/#logo\",\"inLanguage\":\"pt-BR\",\"url\":\"https:\/\/www.grupoluz.com.br\/trabalhos\/wp-content\/uploads\/2021\/05\/Untitled-1-2.png\",\"width\":118,\"height\":108,\"caption\":\"Grupo Luz\"},\"image\":{\"@id\":\"https:\/\/www.grupoluz.com.br\/trabalhos\/#logo\"}},{\"@type\":\"WebSite\",\"@id\":\"https:\/\/www.grupoluz.com.br\/trabalhos\/#website\",\"url\":\"https:\/\/www.grupoluz.com.br\/trabalhos\/\",\"name\":\"Grupo Luz\",\"description\":\"est\\u00fadio publicit\\u00e1rio de imagens e conte\\u00fados para comunica\\u00e7\\u00e3o de alta performance.\",\"publisher\":{\"@id\":\"https:\/\/www.grupoluz.com.br\/trabalhos\/#organization\"},\"potentialAction\":[{\"@type\":\"SearchAction\",\"target\":\"https:\/\/www.grupoluz.com.br\/trabalhos\/?s={search_term_string}\",\"query-input\":\"required name=search_term_string\"}],\"inLanguage\":\"pt-BR\"},{\"@type\":\"ImageObject\",\"@id\":\"https:\/\/www.grupoluz.com.br\/trabalhos\/pos-producao\/#primaryimage\",\"inLanguage\":\"pt-BR\",\"url\":\"https:\/\/www.grupoluz.com.br\/trabalhos\/wp-content\/uploads\/2019\/05\/photoshop-conference-editor-de-imagens-kaue-luz-do-grupo-luz6.jpg\",\"width\":1200,\"height\":818},{\"@type\":\"WebPage\",\"@id\":\"https:\/\/www.grupoluz.com.br\/trabalhos\/pos-producao\/#webpage\",\"url\":\"https:\/\/www.grupoluz.com.br\/trabalhos\/pos-producao\/\",\"name\":\"P\\u00f3s-Produ\\u00e7\\u00e3o - Grupo Luz\",\"isPartOf\":{\"@id\":\"https:\/\/www.grupoluz.com.br\/trabalhos\/#website\"},\"primaryImageOfPage\":{\"@id\":\"https:\/\/www.grupoluz.com.br\/trabalhos\/pos-producao\/#primaryimage\"},\"datePublished\":\"2019-07-12T15:19:45+00:00\",\"dateModified\":\"2019-07-12T15:44:31+00:00\",\"breadcrumb\":{\"@id\":\"https:\/\/www.grupoluz.com.br\/trabalhos\/pos-producao\/#breadcrumb\"},\"inLanguage\":\"pt-BR\",\"potentialAction\":[{\"@type\":\"ReadAction\",\"target\":[\"https:\/\/www.grupoluz.com.br\/trabalhos\/pos-producao\/\"]}]},{\"@type\":\"BreadcrumbList\",\"@id\":\"https:\/\/www.grupoluz.com.br\/trabalhos\/pos-producao\/#breadcrumb\",\"itemListElement\":[{\"@type\":\"ListItem\",\"position\":1,\"item\":{\"@type\":\"WebPage\",\"@id\":\"https:\/\/www.grupoluz.com.br\/trabalhos\/\",\"url\":\"https:\/\/www.grupoluz.com.br\/trabalhos\/\",\"name\":\"In\\u00edcio\"}},{\"@type\":\"ListItem\",\"position\":2,\"item\":{\"@type\":\"WebPage\",\"@id\":\"https:\/\/www.grupoluz.com.br\/trabalhos\/pos-producao\/\",\"url\":\"https:\/\/www.grupoluz.com.br\/trabalhos\/pos-producao\/\",\"name\":\"P\\u00f3s-Produ\\u00e7\\u00e3o\"}}]}]}<\/script>\n<!-- \/ Yoast SEO plugin. -->","_links":{"self":[{"href":"https:\/\/www.grupoluz.com.br\/trabalhos\/wp-json\/wp\/v2\/pages\/2251"}],"collection":[{"href":"https:\/\/www.grupoluz.com.br\/trabalhos\/wp-json\/wp\/v2\/pages"}],"about":[{"href":"https:\/\/www.grupoluz.com.br\/trabalhos\/wp-json\/wp\/v2\/types\/page"}],"author":[{"embeddable":true,"href":"https:\/\/www.grupoluz.com.br\/trabalhos\/wp-json\/wp\/v2\/users\/2"}],"replies":[{"embeddable":true,"href":"https:\/\/www.grupoluz.com.br\/trabalhos\/wp-json\/wp\/v2\/comments?post=2251"}],"version-history":[{"count":0,"href":"https:\/\/www.grupoluz.com.br\/trabalhos\/wp-json\/wp\/v2\/pages\/2251\/revisions"}],"wp:attachment":[{"href":"https:\/\/www.grupoluz.com.br\/trabalhos\/wp-json\/wp\/v2\/media?parent=2251"}],"curies":[{"name":"wp","href":"https:\/\/api.w.org\/{rel}","templated":true}]}}