{"id":4738,"date":"2020-11-11T21:21:39","date_gmt":"2020-11-11T21:21:39","guid":{"rendered":"https:\/\/www.grupoluz.com.br\/trabalhos\/?page_id=4738"},"modified":"2022-08-20T18:27:25","modified_gmt":"2022-08-20T18:27:25","slug":"cristina-somensato","status":"publish","type":"page","link":"https:\/\/www.grupoluz.com.br\/trabalhos\/cristina-somensato\/","title":{"rendered":"Cristina Somensato"},"content":{"rendered":"\t\t<div data-elementor-type=\"wp-post\" data-elementor-id=\"4738\" class=\"elementor elementor-4738\" data-elementor-settings=\"[]\">\n\t\t\t\t\t\t<div class=\"elementor-inner\">\n\t\t\t\t\t\t\t<div class=\"elementor-section-wrap\">\n\t\t\t\t\t\t\t<section class=\"elementor-section elementor-top-section elementor-element elementor-element-4a84606 elementor-section-boxed elementor-section-height-default elementor-section-height-default\" data-id=\"4a84606\" data-element_type=\"section\">\n\t\t\t\t\t\t<div class=\"elementor-container elementor-column-gap-default\">\n\t\t\t\t\t\t\t<div class=\"elementor-row\">\n\t\t\t\t\t<div class=\"elementor-column elementor-col-100 elementor-top-column elementor-element elementor-element-1126c22\" data-id=\"1126c22\" data-element_type=\"column\">\n\t\t\t<div class=\"elementor-column-wrap elementor-element-populated\">\n\t\t\t\t\t\t\t<div class=\"elementor-widget-wrap\">\n\t\t\t\t\t\t<div class=\"elementor-element elementor-element-d514c1e elementor-widget elementor-widget-image\" data-id=\"d514c1e\" data-element_type=\"widget\" data-widget_type=\"image.default\">\n\t\t\t\t<div class=\"elementor-widget-container\">\n\t\t\t\t\t<div class=\"elementor-image\">\n\t\t\t\t\t\t\t\t\t\t<img width=\"150\" height=\"150\" src=\"https:\/\/www.grupoluz.com.br\/trabalhos\/wp-content\/uploads\/2021\/05\/Cris-150x150.jpg\" class=\"attachment-thumbnail size-thumbnail\" alt=\"\" loading=\"lazy\" srcset=\"https:\/\/www.grupoluz.com.br\/trabalhos\/wp-content\/uploads\/2021\/05\/Cris-150x150.jpg 150w, https:\/\/www.grupoluz.com.br\/trabalhos\/wp-content\/uploads\/2021\/05\/Cris-1080x1080.jpg 1080w\" sizes=\"(max-width: 150px) 100vw, 150px\" \/>\t\t\t\t\t\t\t\t\t\t\t<\/div>\n\t\t\t\t<\/div>\n\t\t\t\t<\/div>\n\t\t\t\t<div class=\"elementor-element elementor-element-826112e elementor-widget elementor-widget-heading\" data-id=\"826112e\" data-element_type=\"widget\" data-widget_type=\"heading.default\">\n\t\t\t\t<div class=\"elementor-widget-container\">\n\t\t\t<h2 class=\"elementor-heading-title elementor-size-default\">@crissomensato<\/h2>\t\t<\/div>\n\t\t\t\t<\/div>\n\t\t\t\t<div class=\"elementor-element elementor-element-cbe8eac elementor-align-center elementor-widget elementor-widget-button\" data-id=\"cbe8eac\" data-element_type=\"widget\" data-widget_type=\"button.default\">\n\t\t\t\t<div class=\"elementor-widget-container\">\n\t\t\t\t\t<div class=\"elementor-button-wrapper\">\n\t\t\t<a href=\"https:\/\/api.whatsapp.com\/send?phone=5516982301367&#038;text=Ol%C3%A1!%20Acessei%20seu%20contato%20pela%20BIO%20e%20gostaria%20de...\" class=\"elementor-button-link elementor-button elementor-size-xl\" role=\"button\">\n\t\t\t\t\t\t<span class=\"elementor-button-content-wrapper\">\n\t\t\t\t\t\t<span class=\"elementor-button-icon elementor-align-icon-left\">\n\t\t\t\t<i aria-hidden=\"true\" class=\"fab fa-whatsapp-square\"><\/i>\t\t\t<\/span>\n\t\t\t\t\t\t<span class=\"elementor-button-text\">Jobs ou Treinamentos<\/span>\n\t\t<\/span>\n\t\t\t\t\t<\/a>\n\t\t<\/div>\n\t\t\t\t<\/div>\n\t\t\t\t<\/div>\n\t\t\t\t\t\t<\/div>\n\t\t\t\t\t<\/div>\n\t\t<\/div>\n\t\t\t\t\t\t\t\t<\/div>\n\t\t\t\t\t<\/div>\n\t\t<\/section>\n\t\t\t\t<section class=\"elementor-section elementor-top-section elementor-element elementor-element-9950d6a elementor-section-boxed elementor-section-height-default elementor-section-height-default\" data-id=\"9950d6a\" data-element_type=\"section\">\n\t\t\t\t\t\t<div class=\"elementor-container elementor-column-gap-default\">\n\t\t\t\t\t\t\t<div class=\"elementor-row\">\n\t\t\t\t\t<div class=\"elementor-column elementor-col-100 elementor-top-column elementor-element elementor-element-452e779\" data-id=\"452e779\" data-element_type=\"column\">\n\t\t\t<div class=\"elementor-column-wrap elementor-element-populated\">\n\t\t\t\t\t\t\t<div class=\"elementor-widget-wrap\">\n\t\t\t\t\t\t<div class=\"elementor-element elementor-element-2b54b63 elementor-shape-rounded elementor-grid-0 elementor-widget elementor-widget-social-icons\" data-id=\"2b54b63\" data-element_type=\"widget\" data-widget_type=\"social-icons.default\">\n\t\t\t\t<div class=\"elementor-widget-container\">\n\t\t\t\t\t<div class=\"elementor-social-icons-wrapper elementor-grid\">\n\t\t\t\t\t\t\t<div class=\"elementor-grid-item\">\n\t\t\t\t\t<a class=\"elementor-icon elementor-social-icon elementor-social-icon-facebook elementor-repeater-item-f6afca9\" href=\"https:\/\/www.facebook.com\/cristina.somensatov\" target=\"_blank\">\n\t\t\t\t\t\t<span class=\"elementor-screen-only\">Facebook<\/span>\n\t\t\t\t\t\t<i class=\"fab fa-facebook\"><\/i>\t\t\t\t\t<\/a>\n\t\t\t\t<\/div>\n\t\t\t\t\t\t\t<div class=\"elementor-grid-item\">\n\t\t\t\t\t<a class=\"elementor-icon elementor-social-icon elementor-social-icon-youtube elementor-repeater-item-86d3113\" href=\"https:\/\/www.youtube.com\/channel\/UCqZRSO16am4ZKcLWynf28Kg\" target=\"_blank\">\n\t\t\t\t\t\t<span class=\"elementor-screen-only\">Youtube<\/span>\n\t\t\t\t\t\t<i class=\"fab fa-youtube\"><\/i>\t\t\t\t\t<\/a>\n\t\t\t\t<\/div>\n\t\t\t\t\t\t\t<div class=\"elementor-grid-item\">\n\t\t\t\t\t<a class=\"elementor-icon elementor-social-icon elementor-social-icon-instagram elementor-repeater-item-c51e242\" href=\"https:\/\/www.instagram.com\/crissomensato\/?hl=en\" target=\"_blank\">\n\t\t\t\t\t\t<span class=\"elementor-screen-only\">Instagram<\/span>\n\t\t\t\t\t\t<i class=\"fab fa-instagram\"><\/i>\t\t\t\t\t<\/a>\n\t\t\t\t<\/div>\n\t\t\t\t\t\t\t<div class=\"elementor-grid-item\">\n\t\t\t\t\t<a class=\"elementor-icon elementor-social-icon elementor-social-icon-home elementor-repeater-item-c711928\" href=\"https:\/\/www.grupoluz.com.br\/\" target=\"_blank\">\n\t\t\t\t\t\t<span class=\"elementor-screen-only\">Home<\/span>\n\t\t\t\t\t\t<i class=\"fas fa-home\"><\/i>\t\t\t\t\t<\/a>\n\t\t\t\t<\/div>\n\t\t\t\t\t\t\t<div class=\"elementor-grid-item\">\n\t\t\t\t\t<a class=\"elementor-icon elementor-social-icon elementor-social-icon-portrait elementor-repeater-item-3b025a0\" href=\"https:\/\/www.grupoluz.com.br\/cursos\/cristina-somensato-luz\/\" target=\"_blank\">\n\t\t\t\t\t\t<span class=\"elementor-screen-only\">Portrait<\/span>\n\t\t\t\t\t\t<i class=\"fas fa-portrait\"><\/i>\t\t\t\t\t<\/a>\n\t\t\t\t<\/div>\n\t\t\t\t\t<\/div>\n\t\t\t\t<\/div>\n\t\t\t\t<\/div>\n\t\t\t\t\t\t<\/div>\n\t\t\t\t\t<\/div>\n\t\t<\/div>\n\t\t\t\t\t\t\t\t<\/div>\n\t\t\t\t\t<\/div>\n\t\t<\/section>\n\t\t\t\t<section class=\"elementor-section elementor-top-section elementor-element elementor-element-f612e35 elementor-section-boxed elementor-section-height-default elementor-section-height-default\" data-id=\"f612e35\" data-element_type=\"section\">\n\t\t\t\t\t\t<div class=\"elementor-container elementor-column-gap-default\">\n\t\t\t\t\t\t\t<div class=\"elementor-row\">\n\t\t\t\t\t<div class=\"elementor-column elementor-col-33 elementor-top-column elementor-element elementor-element-966cd32\" data-id=\"966cd32\" data-element_type=\"column\">\n\t\t\t<div class=\"elementor-column-wrap\">\n\t\t\t\t\t\t\t<div class=\"elementor-widget-wrap\">\n\t\t\t\t\t\t\t\t<\/div>\n\t\t\t\t\t<\/div>\n\t\t<\/div>\n\t\t\t\t<div class=\"elementor-column elementor-col-33 elementor-top-column elementor-element elementor-element-777d814\" data-id=\"777d814\" data-element_type=\"column\">\n\t\t\t<div class=\"elementor-column-wrap elementor-element-populated\">\n\t\t\t\t\t\t\t<div class=\"elementor-widget-wrap\">\n\t\t\t\t\t\t<div class=\"elementor-element elementor-element-390166e elementor-button-warning elementor-align-justify elementor-widget__width-inherit elementor-invisible elementor-widget elementor-widget-button\" data-id=\"390166e\" data-element_type=\"widget\" data-settings=\"{&quot;_animation&quot;:&quot;wobble&quot;}\" data-widget_type=\"button.default\">\n\t\t\t\t<div class=\"elementor-widget-container\">\n\t\t\t\t\t<div class=\"elementor-button-wrapper\">\n\t\t\t<a href=\"https:\/\/www.grupoluz.com.br\/oferta\" class=\"elementor-button-link elementor-button elementor-size-md\" role=\"button\">\n\t\t\t\t\t\t<span class=\"elementor-button-content-wrapper\">\n\t\t\t\t\t\t<span class=\"elementor-button-icon elementor-align-icon-left\">\n\t\t\t\t<i aria-hidden=\"true\" class=\"fas fa-hamburger\"><\/i>\t\t\t<\/span>\n\t\t\t\t\t\t<span class=\"elementor-button-text\">CURSO DE ALIMENTO FOOD STYLING<\/span>\n\t\t<\/span>\n\t\t\t\t\t<\/a>\n\t\t<\/div>\n\t\t\t\t<\/div>\n\t\t\t\t<\/div>\n\t\t\t\t<div class=\"elementor-element elementor-element-e38bad7 elementor-button-warning elementor-align-justify elementor-widget__width-inherit elementor-invisible elementor-widget elementor-widget-button\" data-id=\"e38bad7\" data-element_type=\"widget\" data-settings=\"{&quot;_animation&quot;:&quot;none&quot;}\" data-widget_type=\"button.default\">\n\t\t\t\t<div class=\"elementor-widget-container\">\n\t\t\t\t\t<div class=\"elementor-button-wrapper\">\n\t\t\t<a href=\"https:\/\/t.me\/joinchat\/V-gX7wbjdmA4MzQx\" class=\"elementor-button-link elementor-button elementor-size-md\" role=\"button\">\n\t\t\t\t\t\t<span class=\"elementor-button-content-wrapper\">\n\t\t\t\t\t\t<span class=\"elementor-button-icon elementor-align-icon-left\">\n\t\t\t\t<i aria-hidden=\"true\" class=\"fab fa-telegram\"><\/i>\t\t\t<\/span>\n\t\t\t\t\t\t<span class=\"elementor-button-text\">GRUPO VIP \ud83d\udca1\ud83d\udcf8\ud83d\udc68\u200d\ud83d\udcbb<\/span>\n\t\t<\/span>\n\t\t\t\t\t<\/a>\n\t\t<\/div>\n\t\t\t\t<\/div>\n\t\t\t\t<\/div>\n\t\t\t\t<div class=\"elementor-element elementor-element-becb1e1 elementor-button-warning elementor-align-justify elementor-widget elementor-widget-button\" data-id=\"becb1e1\" data-element_type=\"widget\" data-widget_type=\"button.default\">\n\t\t\t\t<div class=\"elementor-widget-container\">\n\t\t\t\t\t<div class=\"elementor-button-wrapper\">\n\t\t\t<a href=\"https:\/\/www.photoshopconference.com.br\/\" class=\"elementor-button-link elementor-button elementor-size-md\" role=\"button\">\n\t\t\t\t\t\t<span class=\"elementor-button-content-wrapper\">\n\t\t\t\t\t\t<span class=\"elementor-button-icon elementor-align-icon-left\">\n\t\t\t\t<i aria-hidden=\"true\" class=\"fas fa-photo-video\"><\/i>\t\t\t<\/span>\n\t\t\t\t\t\t<span class=\"elementor-button-text\">PHOTOSHOP  CONFERENCE<\/span>\n\t\t<\/span>\n\t\t\t\t\t<\/a>\n\t\t<\/div>\n\t\t\t\t<\/div>\n\t\t\t\t<\/div>\n\t\t\t\t<div class=\"elementor-element elementor-element-36e13f9 elementor-button-warning elementor-align-justify elementor-widget__width-inherit elementor-invisible elementor-widget elementor-widget-button\" data-id=\"36e13f9\" data-element_type=\"widget\" data-settings=\"{&quot;_animation&quot;:&quot;swing&quot;}\" data-widget_type=\"button.default\">\n\t\t\t\t<div class=\"elementor-widget-container\">\n\t\t\t\t\t<div class=\"elementor-button-wrapper\">\n\t\t\t<a href=\"https:\/\/www.youtube.com\/c\/TantosPixelsPodcast\/videos\" class=\"elementor-button-link elementor-button elementor-size-md\" role=\"button\">\n\t\t\t\t\t\t<span class=\"elementor-button-content-wrapper\">\n\t\t\t\t\t\t<span class=\"elementor-button-icon elementor-align-icon-left\">\n\t\t\t\t<i aria-hidden=\"true\" class=\"fas fa-podcast\"><\/i>\t\t\t<\/span>\n\t\t\t\t\t\t<span class=\"elementor-button-text\">TANTOSPIXELS PODCAST<\/span>\n\t\t<\/span>\n\t\t\t\t\t<\/a>\n\t\t<\/div>\n\t\t\t\t<\/div>\n\t\t\t\t<\/div>\n\t\t\t\t<div class=\"elementor-element elementor-element-57234f2 elementor-button-warning elementor-align-justify elementor-widget__width-inherit elementor-invisible elementor-widget elementor-widget-button\" data-id=\"57234f2\" data-element_type=\"widget\" data-settings=\"{&quot;_animation&quot;:&quot;swing&quot;}\" data-widget_type=\"button.default\">\n\t\t\t\t<div class=\"elementor-widget-container\">\n\t\t\t\t\t<div class=\"elementor-button-wrapper\">\n\t\t\t<a href=\"https:\/\/www.grupoluz.com.br\/cursos\/curso-de-pre-producao-para-fotografia-e-video\/\" class=\"elementor-button-link elementor-button elementor-size-md\" role=\"button\">\n\t\t\t\t\t\t<span class=\"elementor-button-content-wrapper\">\n\t\t\t\t\t\t<span class=\"elementor-button-icon elementor-align-icon-left\">\n\t\t\t\t<i aria-hidden=\"true\" class=\"far fa-star\"><\/i>\t\t\t<\/span>\n\t\t\t\t\t\t<span class=\"elementor-button-text\">Curso de Pr\u00e9-Produ\u00e7\u00e3o para Fotografia e V\u00eddeo<\/span>\n\t\t<\/span>\n\t\t\t\t\t<\/a>\n\t\t<\/div>\n\t\t\t\t<\/div>\n\t\t\t\t<\/div>\n\t\t\t\t<div class=\"elementor-element elementor-element-31d6e98 elementor-button-warning elementor-align-justify elementor-widget__width-inherit elementor-invisible elementor-widget elementor-widget-button\" data-id=\"31d6e98\" data-element_type=\"widget\" data-settings=\"{&quot;_animation&quot;:&quot;none&quot;}\" data-widget_type=\"button.default\">\n\t\t\t\t<div class=\"elementor-widget-container\">\n\t\t\t\t\t<div class=\"elementor-button-wrapper\">\n\t\t\t<a href=\"https:\/\/www.youtube.com\/c\/GrupoLuz\" class=\"elementor-button-link elementor-button elementor-size-md\" role=\"button\">\n\t\t\t\t\t\t<span class=\"elementor-button-content-wrapper\">\n\t\t\t\t\t\t<span class=\"elementor-button-icon elementor-align-icon-left\">\n\t\t\t\t<i aria-hidden=\"true\" class=\"fas fa-coffee\"><\/i>\t\t\t<\/span>\n\t\t\t\t\t\t<span class=\"elementor-button-text\">LIVES:  LUZ COM CAF\u00c9<\/span>\n\t\t<\/span>\n\t\t\t\t\t<\/a>\n\t\t<\/div>\n\t\t\t\t<\/div>\n\t\t\t\t<\/div>\n\t\t\t\t<div class=\"elementor-element elementor-element-053247e elementor-button-warning elementor-align-justify elementor-widget elementor-widget-button\" data-id=\"053247e\" data-element_type=\"widget\" data-widget_type=\"button.default\">\n\t\t\t\t<div class=\"elementor-widget-container\">\n\t\t\t\t\t<div class=\"elementor-button-wrapper\">\n\t\t\t<a href=\"https:\/\/open.spotify.com\/show\/0XFwyf29Zcp0kmcza65N5k?si=XPnmpjBlQaWrjo23HmLqLQ\" class=\"elementor-button-link elementor-button elementor-size-md\" role=\"button\">\n\t\t\t\t\t\t<span class=\"elementor-button-content-wrapper\">\n\t\t\t\t\t\t<span class=\"elementor-button-icon elementor-align-icon-left\">\n\t\t\t\t<i aria-hidden=\"true\" class=\"fab fa-spotify\"><\/i>\t\t\t<\/span>\n\t\t\t\t\t\t<span class=\"elementor-button-text\">DODGE &amp; BURN PODCAST<\/span>\n\t\t<\/span>\n\t\t\t\t\t<\/a>\n\t\t<\/div>\n\t\t\t\t<\/div>\n\t\t\t\t<\/div>\n\t\t\t\t<div class=\"elementor-element elementor-element-5f80259 elementor-button-warning elementor-align-justify elementor-widget elementor-widget-button\" data-id=\"5f80259\" data-element_type=\"widget\" data-widget_type=\"button.default\">\n\t\t\t\t<div class=\"elementor-widget-container\">\n\t\t\t\t\t<div class=\"elementor-button-wrapper\">\n\t\t\t<a href=\"https:\/\/www.youtube.com\/channel\/UCzcHH5Ec1ra8jKTYhZrzzOA\" class=\"elementor-button-link elementor-button elementor-size-md\" role=\"button\">\n\t\t\t\t\t\t<span class=\"elementor-button-content-wrapper\">\n\t\t\t\t\t\t<span class=\"elementor-button-icon elementor-align-icon-left\">\n\t\t\t\t<i aria-hidden=\"true\" class=\"fas fa-podcast\"><\/i>\t\t\t<\/span>\n\t\t\t\t\t\t<span class=\"elementor-button-text\">TANTOS PIXELS<\/span>\n\t\t<\/span>\n\t\t\t\t\t<\/a>\n\t\t<\/div>\n\t\t\t\t<\/div>\n\t\t\t\t<\/div>\n\t\t\t\t<div class=\"elementor-element elementor-element-f203201 elementor-button-danger elementor-align-justify elementor-widget elementor-widget-button\" data-id=\"f203201\" data-element_type=\"widget\" data-widget_type=\"button.default\">\n\t\t\t\t<div class=\"elementor-widget-container\">\n\t\t\t\t\t<div class=\"elementor-button-wrapper\">\n\t\t\t<a href=\"https:\/\/www.loja.benq.com.br\/\" class=\"elementor-button-link elementor-button elementor-size-md\" role=\"button\">\n\t\t\t\t\t\t<span class=\"elementor-button-content-wrapper\">\n\t\t\t\t\t\t<span class=\"elementor-button-icon elementor-align-icon-left\">\n\t\t\t\t<i aria-hidden=\"true\" class=\"fas fa-desktop\"><\/i>\t\t\t<\/span>\n\t\t\t\t\t\t<span class=\"elementor-button-text\">LOJA  BENQ<\/span>\n\t\t<\/span>\n\t\t\t\t\t<\/a>\n\t\t<\/div>\n\t\t\t\t<\/div>\n\t\t\t\t<\/div>\n\t\t\t\t\t\t<\/div>\n\t\t\t\t\t<\/div>\n\t\t<\/div>\n\t\t\t\t<div class=\"elementor-column elementor-col-33 elementor-top-column elementor-element elementor-element-d1bb8f8\" data-id=\"d1bb8f8\" data-element_type=\"column\">\n\t\t\t<div class=\"elementor-column-wrap\">\n\t\t\t\t\t\t\t<div class=\"elementor-widget-wrap\">\n\t\t\t\t\t\t\t\t<\/div>\n\t\t\t\t\t<\/div>\n\t\t<\/div>\n\t\t\t\t\t\t\t\t<\/div>\n\t\t\t\t\t<\/div>\n\t\t<\/section>\n\t\t\t\t\t\t<\/div>\n\t\t\t\t\t\t<\/div>\n\t\t\t\t\t<\/div>\n\t\t","protected":false},"excerpt":{"rendered":"<p>@crissomensato Jobs ou Treinamentos Facebook Youtube Instagram Home Portrait CURSO DE ALIMENTO FOOD STYLING GRUPO VIP &#x1f4a1;&#x1f4f8;&#x1f468;&#x200d;&#x1f4bb; PHOTOSHOP CONFERENCE TANTOSPIXELS [&hellip;]<\/p>\n","protected":false},"author":4,"featured_media":0,"parent":0,"menu_order":0,"comment_status":"closed","ping_status":"closed","template":"elementor_header_footer","meta":{"_vp_format_video_url":"","_vp_image_focal_point":[]},"yoast_head":"<!-- This site is optimized with the Yoast SEO plugin v16.0.2 - https:\/\/yoast.com\/wordpress\/plugins\/seo\/ -->\n<title>Cristina Somensato - Grupo Luz<\/title>\n<link rel=\"canonical\" href=\"https:\/\/www.grupoluz.com.br\/trabalhos\/cristina-somensato\/\" \/>\n<meta property=\"og:locale\" content=\"pt_BR\" \/>\n<meta property=\"og:type\" content=\"article\" \/>\n<meta property=\"og:title\" content=\"Cristina Somensato - Grupo Luz\" \/>\n<meta property=\"og:description\" content=\"@crissomensato Jobs ou Treinamentos Facebook Youtube Instagram Home Portrait CURSO DE ALIMENTO FOOD STYLING GRUPO VIP &#x1f4a1;&#x1f4f8;&#x1f468;&#x200d;&#x1f4bb; PHOTOSHOP CONFERENCE TANTOSPIXELS [&hellip;]\" \/>\n<meta property=\"og:url\" content=\"https:\/\/www.grupoluz.com.br\/trabalhos\/cristina-somensato\/\" \/>\n<meta property=\"og:site_name\" content=\"Grupo Luz\" \/>\n<meta property=\"article:publisher\" content=\"https:\/\/www.facebook.com\/grupoluzestudio\" \/>\n<meta property=\"article:modified_time\" content=\"2022-08-20T18:27:25+00:00\" \/>\n<meta property=\"og:image\" content=\"https:\/\/www.grupoluz.com.br\/trabalhos\/wp-content\/uploads\/2021\/05\/Cris-150x150.jpg\" \/>\n<meta name=\"twitter:card\" content=\"summary_large_image\" \/>\n<meta name=\"twitter:label1\" content=\"Est. tempo de leitura\">\n\t<meta name=\"twitter:data1\" content=\"1 minuto\">\n<script type=\"application\/ld+json\" class=\"yoast-schema-graph\">{\"@context\":\"https:\/\/schema.org\",\"@graph\":[{\"@type\":\"Organization\",\"@id\":\"https:\/\/www.grupoluz.com.br\/trabalhos\/#organization\",\"name\":\"Grupo Luz\",\"url\":\"https:\/\/www.grupoluz.com.br\/trabalhos\/\",\"sameAs\":[\"https:\/\/www.facebook.com\/grupoluzestudio\",\"https:\/\/www.instagram.com\/grupoluz.com.br\/\",\"https:\/\/www.linkedin.com\/company\/10954713\/admin\/\"],\"logo\":{\"@type\":\"ImageObject\",\"@id\":\"https:\/\/www.grupoluz.com.br\/trabalhos\/#logo\",\"inLanguage\":\"pt-BR\",\"url\":\"https:\/\/www.grupoluz.com.br\/trabalhos\/wp-content\/uploads\/2021\/05\/Untitled-1-2.png\",\"width\":118,\"height\":108,\"caption\":\"Grupo Luz\"},\"image\":{\"@id\":\"https:\/\/www.grupoluz.com.br\/trabalhos\/#logo\"}},{\"@type\":\"WebSite\",\"@id\":\"https:\/\/www.grupoluz.com.br\/trabalhos\/#website\",\"url\":\"https:\/\/www.grupoluz.com.br\/trabalhos\/\",\"name\":\"Grupo Luz\",\"description\":\"est\\u00fadio publicit\\u00e1rio de imagens e conte\\u00fados para comunica\\u00e7\\u00e3o de alta performance.\",\"publisher\":{\"@id\":\"https:\/\/www.grupoluz.com.br\/trabalhos\/#organization\"},\"potentialAction\":[{\"@type\":\"SearchAction\",\"target\":\"https:\/\/www.grupoluz.com.br\/trabalhos\/?s={search_term_string}\",\"query-input\":\"required name=search_term_string\"}],\"inLanguage\":\"pt-BR\"},{\"@type\":\"ImageObject\",\"@id\":\"https:\/\/www.grupoluz.com.br\/trabalhos\/cristina-somensato\/#primaryimage\",\"inLanguage\":\"pt-BR\",\"url\":\"https:\/\/www.grupoluz.com.br\/trabalhos\/wp-content\/uploads\/2021\/05\/Cris.jpg\",\"width\":1080,\"height\":1604},{\"@type\":\"WebPage\",\"@id\":\"https:\/\/www.grupoluz.com.br\/trabalhos\/cristina-somensato\/#webpage\",\"url\":\"https:\/\/www.grupoluz.com.br\/trabalhos\/cristina-somensato\/\",\"name\":\"Cristina Somensato - Grupo Luz\",\"isPartOf\":{\"@id\":\"https:\/\/www.grupoluz.com.br\/trabalhos\/#website\"},\"primaryImageOfPage\":{\"@id\":\"https:\/\/www.grupoluz.com.br\/trabalhos\/cristina-somensato\/#primaryimage\"},\"datePublished\":\"2020-11-11T21:21:39+00:00\",\"dateModified\":\"2022-08-20T18:27:25+00:00\",\"breadcrumb\":{\"@id\":\"https:\/\/www.grupoluz.com.br\/trabalhos\/cristina-somensato\/#breadcrumb\"},\"inLanguage\":\"pt-BR\",\"potentialAction\":[{\"@type\":\"ReadAction\",\"target\":[\"https:\/\/www.grupoluz.com.br\/trabalhos\/cristina-somensato\/\"]}]},{\"@type\":\"BreadcrumbList\",\"@id\":\"https:\/\/www.grupoluz.com.br\/trabalhos\/cristina-somensato\/#breadcrumb\",\"itemListElement\":[{\"@type\":\"ListItem\",\"position\":1,\"item\":{\"@type\":\"WebPage\",\"@id\":\"https:\/\/www.grupoluz.com.br\/trabalhos\/\",\"url\":\"https:\/\/www.grupoluz.com.br\/trabalhos\/\",\"name\":\"In\\u00edcio\"}},{\"@type\":\"ListItem\",\"position\":2,\"item\":{\"@type\":\"WebPage\",\"@id\":\"https:\/\/www.grupoluz.com.br\/trabalhos\/cristina-somensato\/\",\"url\":\"https:\/\/www.grupoluz.com.br\/trabalhos\/cristina-somensato\/\",\"name\":\"Cristina Somensato\"}}]}]}<\/script>\n<!-- \/ Yoast SEO plugin. -->","_links":{"self":[{"href":"https:\/\/www.grupoluz.com.br\/trabalhos\/wp-json\/wp\/v2\/pages\/4738"}],"collection":[{"href":"https:\/\/www.grupoluz.com.br\/trabalhos\/wp-json\/wp\/v2\/pages"}],"about":[{"href":"https:\/\/www.grupoluz.com.br\/trabalhos\/wp-json\/wp\/v2\/types\/page"}],"author":[{"embeddable":true,"href":"https:\/\/www.grupoluz.com.br\/trabalhos\/wp-json\/wp\/v2\/users\/4"}],"replies":[{"embeddable":true,"href":"https:\/\/www.grupoluz.com.br\/trabalhos\/wp-json\/wp\/v2\/comments?post=4738"}],"version-history":[{"count":34,"href":"https:\/\/www.grupoluz.com.br\/trabalhos\/wp-json\/wp\/v2\/pages\/4738\/revisions"}],"predecessor-version":[{"id":5011,"href":"https:\/\/www.grupoluz.com.br\/trabalhos\/wp-json\/wp\/v2\/pages\/4738\/revisions\/5011"}],"wp:attachment":[{"href":"https:\/\/www.grupoluz.com.br\/trabalhos\/wp-json\/wp\/v2\/media?parent=4738"}],"curies":[{"name":"wp","href":"https:\/\/api.w.org\/{rel}","templated":true}]}}