{"id":67,"date":"2018-01-28T12:58:03","date_gmt":"2018-01-28T12:58:03","guid":{"rendered":"https:\/\/theme.madsparrow.me\/emilynolan\/?page_id=67"},"modified":"2020-10-16T16:52:12","modified_gmt":"2020-10-16T16:52:12","slug":"slider","status":"publish","type":"page","link":"https:\/\/www.grupoluz.com.br\/trabalhos\/","title":{"rendered":"Imagens Publicit\u00e1rias"},"content":{"rendered":"","protected":false},"excerpt":{"rendered":"","protected":false},"author":2,"featured_media":0,"parent":0,"menu_order":0,"comment_status":"closed","ping_status":"closed","template":"page-full-slider.php","meta":{"_vp_format_video_url":"","_vp_image_focal_point":[]},"yoast_head":"<!-- This site is optimized with the Yoast SEO plugin v16.0.2 - https:\/\/yoast.com\/wordpress\/plugins\/seo\/ -->\n<title>Imagens Publicit\u00e1rias - Grupo Luz<\/title>\n<meta name=\"description\" content=\"Est\u00fadio de Imagens Publicit\u00e1rias de Alta Performance para a comunica\u00e7\u00e3o visual do seu neg\u00f3cio.\" \/>\n<link rel=\"canonical\" href=\"https:\/\/www.grupoluz.com.br\/trabalhos\/\" \/>\n<meta property=\"og:locale\" content=\"pt_BR\" \/>\n<meta property=\"og:type\" content=\"article\" \/>\n<meta property=\"og:title\" content=\"Imagens Publicit\u00e1rias - Grupo Luz\" \/>\n<meta property=\"og:description\" content=\"Est\u00fadio de Imagens Publicit\u00e1rias de Alta Performance para a comunica\u00e7\u00e3o visual do seu neg\u00f3cio.\" \/>\n<meta property=\"og:url\" content=\"https:\/\/www.grupoluz.com.br\/trabalhos\/\" \/>\n<meta property=\"og:site_name\" content=\"Grupo Luz\" \/>\n<meta property=\"article:publisher\" content=\"https:\/\/www.facebook.com\/grupoluzestudio\" \/>\n<meta property=\"article:modified_time\" content=\"2020-10-16T16:52:12+00:00\" \/>\n<meta name=\"twitter:card\" content=\"summary_large_image\" \/>\n<script type=\"application\/ld+json\" class=\"yoast-schema-graph\">{\"@context\":\"https:\/\/schema.org\",\"@graph\":[{\"@type\":\"Organization\",\"@id\":\"https:\/\/www.grupoluz.com.br\/trabalhos\/#organization\",\"name\":\"Grupo Luz\",\"url\":\"https:\/\/www.grupoluz.com.br\/trabalhos\/\",\"sameAs\":[\"https:\/\/www.facebook.com\/grupoluzestudio\",\"https:\/\/www.instagram.com\/grupoluz.com.br\/\",\"https:\/\/www.linkedin.com\/company\/10954713\/admin\/\"],\"logo\":{\"@type\":\"ImageObject\",\"@id\":\"https:\/\/www.grupoluz.com.br\/trabalhos\/#logo\",\"inLanguage\":\"pt-BR\",\"url\":\"https:\/\/www.grupoluz.com.br\/trabalhos\/wp-content\/uploads\/2021\/05\/Untitled-1-2.png\",\"width\":118,\"height\":108,\"caption\":\"Grupo Luz\"},\"image\":{\"@id\":\"https:\/\/www.grupoluz.com.br\/trabalhos\/#logo\"}},{\"@type\":\"WebSite\",\"@id\":\"https:\/\/www.grupoluz.com.br\/trabalhos\/#website\",\"url\":\"https:\/\/www.grupoluz.com.br\/trabalhos\/\",\"name\":\"Grupo Luz\",\"description\":\"est\\u00fadio publicit\\u00e1rio de imagens e conte\\u00fados para comunica\\u00e7\\u00e3o de alta performance.\",\"publisher\":{\"@id\":\"https:\/\/www.grupoluz.com.br\/trabalhos\/#organization\"},\"potentialAction\":[{\"@type\":\"SearchAction\",\"target\":\"https:\/\/www.grupoluz.com.br\/trabalhos\/?s={search_term_string}\",\"query-input\":\"required name=search_term_string\"}],\"inLanguage\":\"pt-BR\"},{\"@type\":\"WebPage\",\"@id\":\"https:\/\/www.grupoluz.com.br\/trabalhos\/#webpage\",\"url\":\"https:\/\/www.grupoluz.com.br\/trabalhos\/\",\"name\":\"Imagens Publicit\\u00e1rias - Grupo Luz\",\"isPartOf\":{\"@id\":\"https:\/\/www.grupoluz.com.br\/trabalhos\/#website\"},\"datePublished\":\"2018-01-28T12:58:03+00:00\",\"dateModified\":\"2020-10-16T16:52:12+00:00\",\"description\":\"Est\\u00fadio de Imagens Publicit\\u00e1rias de Alta Performance para a comunica\\u00e7\\u00e3o visual do seu neg\\u00f3cio.\",\"breadcrumb\":{\"@id\":\"https:\/\/www.grupoluz.com.br\/trabalhos\/#breadcrumb\"},\"inLanguage\":\"pt-BR\",\"potentialAction\":[{\"@type\":\"ReadAction\",\"target\":[\"https:\/\/www.grupoluz.com.br\/trabalhos\/\"]}]},{\"@type\":\"BreadcrumbList\",\"@id\":\"https:\/\/www.grupoluz.com.br\/trabalhos\/#breadcrumb\",\"itemListElement\":[{\"@type\":\"ListItem\",\"position\":1,\"item\":{\"@type\":\"WebPage\",\"@id\":\"https:\/\/www.grupoluz.com.br\/trabalhos\/\",\"url\":\"https:\/\/www.grupoluz.com.br\/trabalhos\/\",\"name\":\"In\\u00edcio\"}},{\"@type\":\"ListItem\",\"position\":2,\"item\":{\"@type\":\"WebPage\",\"@id\":\"https:\/\/www.grupoluz.com.br\/trabalhos\/\",\"url\":\"https:\/\/www.grupoluz.com.br\/trabalhos\/\",\"name\":\"Imagens Publicit\\u00e1rias\"}}]}]}<\/script>\n<!-- \/ Yoast SEO plugin. -->","_links":{"self":[{"href":"https:\/\/www.grupoluz.com.br\/trabalhos\/wp-json\/wp\/v2\/pages\/67"}],"collection":[{"href":"https:\/\/www.grupoluz.com.br\/trabalhos\/wp-json\/wp\/v2\/pages"}],"about":[{"href":"https:\/\/www.grupoluz.com.br\/trabalhos\/wp-json\/wp\/v2\/types\/page"}],"author":[{"embeddable":true,"href":"https:\/\/www.grupoluz.com.br\/trabalhos\/wp-json\/wp\/v2\/users\/2"}],"replies":[{"embeddable":true,"href":"https:\/\/www.grupoluz.com.br\/trabalhos\/wp-json\/wp\/v2\/comments?post=67"}],"version-history":[{"count":4,"href":"https:\/\/www.grupoluz.com.br\/trabalhos\/wp-json\/wp\/v2\/pages\/67\/revisions"}],"predecessor-version":[{"id":4880,"href":"https:\/\/www.grupoluz.com.br\/trabalhos\/wp-json\/wp\/v2\/pages\/67\/revisions\/4880"}],"wp:attachment":[{"href":"https:\/\/www.grupoluz.com.br\/trabalhos\/wp-json\/wp\/v2\/media?parent=67"}],"curies":[{"name":"wp","href":"https:\/\/api.w.org\/{rel}","templated":true}]}}