{"id":74,"date":"2018-01-28T23:43:38","date_gmt":"2018-01-28T23:43:38","guid":{"rendered":"https:\/\/theme.madsparrow.me\/emilynolan\/?page_id=74"},"modified":"2020-07-08T12:23:59","modified_gmt":"2020-07-08T12:23:59","slug":"sobre","status":"publish","type":"page","link":"https:\/\/www.grupoluz.com.br\/trabalhos\/sobre\/","title":{"rendered":"SOBRE"},"content":{"rendered":"\t\t<div data-elementor-type=\"wp-post\" data-elementor-id=\"74\" class=\"elementor elementor-74\" data-elementor-settings=\"[]\">\n\t\t\t\t\t\t<div class=\"elementor-inner\">\n\t\t\t\t\t\t\t<div class=\"elementor-section-wrap\">\n\t\t\t\t\t\t\t<section class=\"elementor-section elementor-top-section elementor-element elementor-element-6b6002ff elementor-section-stretched elementor-section-boxed elementor-section-height-default elementor-section-height-default\" data-id=\"6b6002ff\" data-element_type=\"section\" data-settings=\"{&quot;stretch_section&quot;:&quot;section-stretched&quot;}\">\n\t\t\t\t\t\t<div class=\"elementor-container elementor-column-gap-default\">\n\t\t\t\t\t\t\t<div class=\"elementor-row\">\n\t\t\t\t\t<div class=\"elementor-column elementor-col-100 elementor-top-column elementor-element elementor-element-474f66c3\" data-id=\"474f66c3\" data-element_type=\"column\">\n\t\t\t<div class=\"elementor-column-wrap elementor-element-populated\">\n\t\t\t\t\t\t\t<div class=\"elementor-widget-wrap\">\n\t\t\t\t\t\t<div class=\"elementor-element elementor-element-bc97c23 elementor-widget elementor-widget-image\" data-id=\"bc97c23\" data-element_type=\"widget\" data-widget_type=\"image.default\">\n\t\t\t\t<div class=\"elementor-widget-container\">\n\t\t\t\t\t<div class=\"elementor-image\">\n\t\t\t\t\t\t\t\t\t\t\t<a href=\"https:\/\/www.grupoluz.com.br\/trabalhos\/wp-content\/uploads\/2019\/08\/Grupo-Luz-imagem-do-estudio.jpg\" data-elementor-open-lightbox=\"yes\" data-elementor-lightbox-title=\"Grupo-Luz-imagem-do-estudio\">\n\t\t\t\t\t\t\t<img src=\"https:\/\/www.grupoluz.com.br\/trabalhos\/wp-content\/uploads\/2019\/08\/Grupo-Luz-imagem-do-estudio.jpg\" title=\"Grupo-Luz-imagem-do-estudio\" alt=\"Grupo-Luz-imagem-do-estudio\" \/>\t\t\t\t\t\t\t\t<\/a>\n\t\t\t\t\t\t\t\t\t\t\t<\/div>\n\t\t\t\t<\/div>\n\t\t\t\t<\/div>\n\t\t\t\t<div class=\"elementor-element elementor-element-4f11188 elementor-widget elementor-widget-text-editor\" data-id=\"4f11188\" data-element_type=\"widget\" data-widget_type=\"text-editor.default\">\n\t\t\t\t<div class=\"elementor-widget-container\">\n\t\t\t\t\t<div class=\"elementor-text-editor elementor-clearfix\"><p>Fundado h\u00e1 mais de quinze anos, o <strong>Grupo Luz<\/strong> \u00e9 um empreendimento de controle familiar, formado por tr\u00eas respeitadas empresas no mercado publicit\u00e1rio do interior de S\u00e3o Paulo, que trabalham interligadas na busca de oferecer a melhor imagem. <strong>Est\u00fadio Luz<\/strong>,<strong> Liz Agenciamento <\/strong>e<strong> Est\u00fadio de Imagem<\/strong>!<br \/>Est\u00e3o estrategicamente localizadas em um mesmo pr\u00e9dio e oferece todas as etapas da produ\u00e7\u00e3o de uma fotografia publicit\u00e1ria, desde casting, produ\u00e7\u00e3o at\u00e9 finaliza\u00e7\u00e3o. Nossa meta \u00e9 encontrar novas formulas para o seu neg\u00f3cio atuar com mais efici\u00eancia.<br \/>Dispomos de uma equipe de Fot\u00f3grafos, Produtores, Criativos, Cen\u00f3grafos, Casting, Figurinistas, Maquiadores, Ilustradores, Arte Finalistas, Apoio T\u00e9cnico, que trabalham em perfeita sintonia com as \u00faltimas tend\u00eancias do mercado nacional e internacional.<\/p><p><strong><em>EST\u00daDIO LUZ &#8211; <\/em><\/strong><em>Liderada por Leonardo Luz, um dos maiores e talentosos fot\u00f3grafos do interior de S\u00e3o Paulo. H\u00e1 mais de 30 anos, leva a arte da fotografia como ferramenta de impress\u00e3o da melhor imagem, auxiliando as empresas a atingirem o melhor posicionamento de seus produtos e servi\u00e7os. Ministrou aulas no SENAC e hoje ainda ministra cursos in-company por todo pa\u00eds. Palestrante dos maiores eventos de fotografia e Photoshop da Am\u00e9rica Latina e \u00e9 articulista das Revistas Photoshop Pro e Revista Photos. Est\u00fadio Luz lidera o mercado da Fotografia Publicit\u00e1ria de Ribeir\u00e3o Preto e Regi\u00e3o. Possuem c\u00e2meras modernas e computadores de ponta, uma equipe de profissionais de alto padr\u00e3o sintonizados com as ultimas tend\u00eancias do mercado.\u00a0\u00a0\u00a0 <\/em><\/p><p><strong><em>LIZ AGENCIAMENTO &#8211; <\/em><\/strong><em>A Liz Agenciamento \u00e9 uma ag\u00eancia de perfil que fornece um casting diversificado de modelos, animais e loca\u00e7\u00f5es atuando no mercado da publicidade. Fundada e dirigida por Cristina Somensato, atuante h\u00e1 mais de 15 anos neste cen\u00e1rio, a ag\u00eancia j\u00e1 alcan\u00e7a prest\u00edgio no mercado. Fornece modelos para campanhas publicit\u00e1rias, comerciais de TV, desfiles, eventos e a\u00e7\u00f5es. Faz eventos empresariais, organiza\u00e7\u00e3o de a\u00e7\u00f5es promocionais, contrata\u00e7\u00e3o de Buffet, cria\u00e7\u00e3o e suporte de festas, fornecimento de uniformes, panfletagem, contrata\u00e7\u00e3o de transporte, produ\u00e7\u00e3o de v\u00eddeo, lan\u00e7amentos entre outras.<\/em><\/p><p><strong><em>EST\u00daDIO DE IMAGEM &#8211; <\/em><\/strong><em>Est\u00fadio de Imagem \u00e9 uma empresa especialista em tratamentos de imagens, ilustra\u00e7\u00f5es, montagens de sites, materiais gr\u00e1ficos, 3D,\u00a0 fus\u00f5es de imagens e imagem foto realista. Comandada por Kau\u00ea Luz, publicit\u00e1rio e p\u00f3s-graduado pela FGV, \u00e9 especialista em tratamento de imagens e instrutor de dois super eventos: Est\u00fadio Brasil e Photoshop Conference, inclusive foi um dos 5 brasileiros a ser beta tester do Photoshop CS5. Professor universit\u00e1rio e membro da NAPP( National Association Photoshop Professional) dos EUA, comanda uma equipe de profissionais que criam, desenvolvem e finalizam imagens para industrias e ag\u00eancias de publicidade.<\/em><\/p><p>A soma de todos esses fatores se traduz em produ\u00e7\u00f5es sofisticadas que valorizam ainda mais o seu produto, com a certeza de resultados eficientes e lucrativos.<\/p><\/div>\n\t\t\t\t<\/div>\n\t\t\t\t<\/div>\n\t\t\t\t<div class=\"elementor-element elementor-element-c13a45f elementor-widget elementor-widget-image\" data-id=\"c13a45f\" data-element_type=\"widget\" data-widget_type=\"image.default\">\n\t\t\t\t<div class=\"elementor-widget-container\">\n\t\t\t\t\t<div class=\"elementor-image\">\n\t\t\t\t\t\t\t\t\t\t\t<a href=\"https:\/\/www.grupoluz.com.br\/trabalhos\/wp-content\/uploads\/2019\/08\/Grupo-Luz-imagem-da-lab-de-edicao.jpg\" data-elementor-open-lightbox=\"yes\" data-elementor-lightbox-title=\"Grupo-Luz-imagem-da-lab-de-edicao\">\n\t\t\t\t\t\t\t<img src=\"https:\/\/www.grupoluz.com.br\/trabalhos\/wp-content\/uploads\/2019\/08\/Grupo-Luz-imagem-da-lab-de-edicao.jpg\" title=\"Grupo-Luz-imagem-da-lab-de-edicao\" alt=\"Grupo-Luz-imagem-da-lab-de-edicao\" \/>\t\t\t\t\t\t\t\t<\/a>\n\t\t\t\t\t\t\t\t\t\t\t<\/div>\n\t\t\t\t<\/div>\n\t\t\t\t<\/div>\n\t\t\t\t\t\t<\/div>\n\t\t\t\t\t<\/div>\n\t\t<\/div>\n\t\t\t\t\t\t\t\t<\/div>\n\t\t\t\t\t<\/div>\n\t\t<\/section>\n\t\t\t\t\t\t<\/div>\n\t\t\t\t\t\t<\/div>\n\t\t\t\t\t<\/div>\n\t\t","protected":false},"excerpt":{"rendered":"<p>Fundado h\u00e1 mais de quinze anos, o Grupo Luz \u00e9 um empreendimento de controle familiar, formado por tr\u00eas respeitadas empresas [&hellip;]<\/p>\n","protected":false},"author":2,"featured_media":0,"parent":0,"menu_order":0,"comment_status":"closed","ping_status":"closed","template":"page-about.php","meta":{"_vp_format_video_url":"","_vp_image_focal_point":[]},"yoast_head":"<!-- This site is optimized with the Yoast SEO plugin v16.0.2 - https:\/\/yoast.com\/wordpress\/plugins\/seo\/ -->\n<title>SOBRE - Grupo Luz<\/title>\n<link rel=\"canonical\" href=\"https:\/\/www.grupoluz.com.br\/trabalhos\/sobre\/\" \/>\n<meta property=\"og:locale\" content=\"pt_BR\" \/>\n<meta property=\"og:type\" content=\"article\" \/>\n<meta property=\"og:title\" content=\"SOBRE - Grupo Luz\" \/>\n<meta property=\"og:description\" content=\"Fundado h\u00e1 mais de quinze anos, o Grupo Luz \u00e9 um empreendimento de controle familiar, formado por tr\u00eas respeitadas empresas [&hellip;]\" \/>\n<meta property=\"og:url\" content=\"https:\/\/www.grupoluz.com.br\/trabalhos\/sobre\/\" \/>\n<meta property=\"og:site_name\" content=\"Grupo Luz\" \/>\n<meta property=\"article:publisher\" content=\"https:\/\/www.facebook.com\/grupoluzestudio\" \/>\n<meta property=\"article:modified_time\" content=\"2020-07-08T12:23:59+00:00\" \/>\n<meta property=\"og:image\" content=\"https:\/\/www.grupoluz.com.br\/trabalhos\/wp-content\/uploads\/2019\/08\/Grupo-Luz-imagem-do-estudio.jpg\" \/>\n<meta name=\"twitter:card\" content=\"summary_large_image\" \/>\n<meta name=\"twitter:label1\" content=\"Est. tempo de leitura\">\n\t<meta name=\"twitter:data1\" content=\"2 minutos\">\n<script type=\"application\/ld+json\" class=\"yoast-schema-graph\">{\"@context\":\"https:\/\/schema.org\",\"@graph\":[{\"@type\":\"Organization\",\"@id\":\"https:\/\/www.grupoluz.com.br\/trabalhos\/#organization\",\"name\":\"Grupo Luz\",\"url\":\"https:\/\/www.grupoluz.com.br\/trabalhos\/\",\"sameAs\":[\"https:\/\/www.facebook.com\/grupoluzestudio\",\"https:\/\/www.instagram.com\/grupoluz.com.br\/\",\"https:\/\/www.linkedin.com\/company\/10954713\/admin\/\"],\"logo\":{\"@type\":\"ImageObject\",\"@id\":\"https:\/\/www.grupoluz.com.br\/trabalhos\/#logo\",\"inLanguage\":\"pt-BR\",\"url\":\"https:\/\/www.grupoluz.com.br\/trabalhos\/wp-content\/uploads\/2021\/05\/Untitled-1-2.png\",\"width\":118,\"height\":108,\"caption\":\"Grupo Luz\"},\"image\":{\"@id\":\"https:\/\/www.grupoluz.com.br\/trabalhos\/#logo\"}},{\"@type\":\"WebSite\",\"@id\":\"https:\/\/www.grupoluz.com.br\/trabalhos\/#website\",\"url\":\"https:\/\/www.grupoluz.com.br\/trabalhos\/\",\"name\":\"Grupo Luz\",\"description\":\"est\\u00fadio publicit\\u00e1rio de imagens e conte\\u00fados para comunica\\u00e7\\u00e3o de alta performance.\",\"publisher\":{\"@id\":\"https:\/\/www.grupoluz.com.br\/trabalhos\/#organization\"},\"potentialAction\":[{\"@type\":\"SearchAction\",\"target\":\"https:\/\/www.grupoluz.com.br\/trabalhos\/?s={search_term_string}\",\"query-input\":\"required name=search_term_string\"}],\"inLanguage\":\"pt-BR\"},{\"@type\":\"ImageObject\",\"@id\":\"https:\/\/www.grupoluz.com.br\/trabalhos\/sobre\/#primaryimage\",\"inLanguage\":\"pt-BR\",\"url\":\"https:\/\/www.grupoluz.com.br\/trabalhos\/wp-content\/uploads\/2019\/08\/Grupo-Luz-imagem-do-estudio.jpg\",\"width\":1400,\"height\":491},{\"@type\":\"WebPage\",\"@id\":\"https:\/\/www.grupoluz.com.br\/trabalhos\/sobre\/#webpage\",\"url\":\"https:\/\/www.grupoluz.com.br\/trabalhos\/sobre\/\",\"name\":\"SOBRE - Grupo Luz\",\"isPartOf\":{\"@id\":\"https:\/\/www.grupoluz.com.br\/trabalhos\/#website\"},\"primaryImageOfPage\":{\"@id\":\"https:\/\/www.grupoluz.com.br\/trabalhos\/sobre\/#primaryimage\"},\"datePublished\":\"2018-01-28T23:43:38+00:00\",\"dateModified\":\"2020-07-08T12:23:59+00:00\",\"breadcrumb\":{\"@id\":\"https:\/\/www.grupoluz.com.br\/trabalhos\/sobre\/#breadcrumb\"},\"inLanguage\":\"pt-BR\",\"potentialAction\":[{\"@type\":\"ReadAction\",\"target\":[\"https:\/\/www.grupoluz.com.br\/trabalhos\/sobre\/\"]}]},{\"@type\":\"BreadcrumbList\",\"@id\":\"https:\/\/www.grupoluz.com.br\/trabalhos\/sobre\/#breadcrumb\",\"itemListElement\":[{\"@type\":\"ListItem\",\"position\":1,\"item\":{\"@type\":\"WebPage\",\"@id\":\"https:\/\/www.grupoluz.com.br\/trabalhos\/\",\"url\":\"https:\/\/www.grupoluz.com.br\/trabalhos\/\",\"name\":\"In\\u00edcio\"}},{\"@type\":\"ListItem\",\"position\":2,\"item\":{\"@type\":\"WebPage\",\"@id\":\"https:\/\/www.grupoluz.com.br\/trabalhos\/sobre\/\",\"url\":\"https:\/\/www.grupoluz.com.br\/trabalhos\/sobre\/\",\"name\":\"SOBRE\"}}]}]}<\/script>\n<!-- \/ Yoast SEO plugin. -->","_links":{"self":[{"href":"https:\/\/www.grupoluz.com.br\/trabalhos\/wp-json\/wp\/v2\/pages\/74"}],"collection":[{"href":"https:\/\/www.grupoluz.com.br\/trabalhos\/wp-json\/wp\/v2\/pages"}],"about":[{"href":"https:\/\/www.grupoluz.com.br\/trabalhos\/wp-json\/wp\/v2\/types\/page"}],"author":[{"embeddable":true,"href":"https:\/\/www.grupoluz.com.br\/trabalhos\/wp-json\/wp\/v2\/users\/2"}],"replies":[{"embeddable":true,"href":"https:\/\/www.grupoluz.com.br\/trabalhos\/wp-json\/wp\/v2\/comments?post=74"}],"version-history":[{"count":2,"href":"https:\/\/www.grupoluz.com.br\/trabalhos\/wp-json\/wp\/v2\/pages\/74\/revisions"}],"predecessor-version":[{"id":4677,"href":"https:\/\/www.grupoluz.com.br\/trabalhos\/wp-json\/wp\/v2\/pages\/74\/revisions\/4677"}],"wp:attachment":[{"href":"https:\/\/www.grupoluz.com.br\/trabalhos\/wp-json\/wp\/v2\/media?parent=74"}],"curies":[{"name":"wp","href":"https:\/\/api.w.org\/{rel}","templated":true}]}}